{"id":4535,"date":"2026-02-11T16:23:43","date_gmt":"2026-02-11T16:23:43","guid":{"rendered":"https:\/\/gvbm.net\/?post_type=product&#038;p=4535"},"modified":"2026-02-12T08:21:02","modified_gmt":"2026-02-12T08:21:02","slug":"vusleeve-einweg-silikonmantel-fuer-spekula","status":"publish","type":"product","link":"https:\/\/gvbm.net\/index.php\/produkt\/vusleeve-einweg-silikonmantel-fuer-spekula\/","title":{"rendered":"Nella VuSleeve Einweg-Silikonmantel f\u00fcr Vaginalspekula"},"content":{"rendered":"<section class=\"section mcb-section the_content has_content\">\n<div class=\"section_wrapper\">\n<div class=\"the_content_wrapper \">\n<h4>Anwendungsbereiche<\/h4>\n<p>Unser Einweg-Silikonmantel Nella VuSleeve ist ein einmalverwendbares Accessoir, welches f\u00fcr das Zur\u00fcckhalten der Scheidenw\u00e4nde verwendet wird. Unzureichende Stabilit\u00e4t der Scheidenw\u00e4nde kann verschiedenste Ursachen haben: Anatomische Pr\u00e4disposition, Mehrfachgeburten, Adipositas, altersbedingte Gewebever\u00e4nderungen sowie chirurgische Eingriffe k\u00f6nnen m\u00f6gliche Gr\u00fcnde sein. Der Silikonmantel kann \u00fcber alle g\u00e4ngigen Spekula gezogen werden und h\u00e4lt das Gewebe effektiv zur\u00fcck &#8211; stabiler als ein Kondom, aber \u00e4hnlich anpassungsf\u00e4hig.<\/p>\n<h4>Material &amp; Form<\/h4>\n<p>Der Spekulamantel VuSleeve besteht aus Medical Grade Silikon und ist sowohl dehnbar als auch stabil. Das Produkt steht in einer Gr\u00f6\u00dfe zur Verf\u00fcgung, aber kann sich an die gegebene Formen problemlos anpassen.<\/p>\n<div class=\"BorlabsCookie _brlbs-cb-youtube\">\n<div class=\"_brlbs-content-blocker\">\n<div class=\"_brlbs-embed _brlbs-video-youtube\"> <img decoding=\"async\" class=\"_brlbs-thumbnail\" src=\"https:\/\/gvbm.net\/wp-content\/plugins\/borlabs-cookie\/assets\/images\/cb-no-thumbnail.png\" alt=\"YouTube\"> <\/p>\n<div class=\"_brlbs-caption\">\n<p>Mit dem Laden des Videos akzeptieren Sie die Datenschutzerkl\u00e4rung von YouTube.<br \/><a href=\"https:\/\/policies.google.com\/privacy\" target=\"_blank\" rel=\"nofollow noopener noreferrer\">Mehr erfahren<\/a><\/p>\n<p><a class=\"_brlbs-btn _brlbs-icon-play-white\" href=\"#\" data-borlabs-cookie-unblock role=\"button\">Video laden<\/a><\/p>\n<p><label><input type=\"checkbox\" name=\"unblockAll\" value=\"1\" checked> <small>YouTube immer entsperren<\/small><\/label><\/p>\n<\/p><\/div>\n<\/p><\/div>\n<\/p><\/div>\n<div class=\"borlabs-hide\" data-borlabs-cookie-type=\"content-blocker\" data-borlabs-cookie-id=\"youtube\"><script type=\"text\/template\">PGlmcmFtZSB0aXRsZT0iSW50cm9kdWNpbmcgdGhlIE5lbGxhIFZ1U2xlZXZlIiB3aWR0aD0iMTIyMCIgaGVpZ2h0PSI2ODYiIHNyYz0iaHR0cHM6Ly93d3cueW91dHViZS1ub2Nvb2tpZS5jb20vZW1iZWQvTzBWZFlQeHNZTUU\/ZmVhdHVyZT1vZW1iZWQiIGZyYW1lYm9yZGVyPSIwIiBhbGxvdz0iYWNjZWxlcm9tZXRlcjsgYXV0b3BsYXk7IGNsaXBib2FyZC13cml0ZTsgZW5jcnlwdGVkLW1lZGlhOyBneXJvc2NvcGU7IHBpY3R1cmUtaW4tcGljdHVyZTsgd2ViLXNoYXJlIiByZWZlcnJlcnBvbGljeT0ic3RyaWN0LW9yaWdpbi13aGVuLWNyb3NzLW9yaWdpbiIgYWxsb3dmdWxsc2NyZWVuPjwvaWZyYW1lPg==<\/script><\/div>\n<\/div>\n<h4>Herstellung &amp; Zertifizierung<\/h4>\n<p>Der Herstellungs- sowie Sterilisationsprozess in den USA durch Ceek Women\u2019s Health gew\u00e4hrleisten hohe Stabilit\u00e4t, Bruchfestigkeit und eine saubere, anwenderoptimierte L\u00f6sung. Das Produkt ist durch Ceek Women\u2019s Health ISO 13485 und CE zertifiziert. Weitere Informationen zu der Zertifizierung finden Sie <a href=\"https:\/\/gvbm.net\/index.php\/unternehmen\/qualitaet-zertifikate\/\">hier<\/a>.<\/p>\n<\/div>\n<\/div>\n<\/section>\n","protected":false},"excerpt":{"rendered":"<p>Einweg-\u00dcberzug aus dehnbarem Medical Grade Silikon, Einwegprodukt, sauber &amp; unsteril verpackt, 20 Stk je Verkaufseinheit<\/p>\n","protected":false},"featured_media":4537,"comment_status":"open","ping_status":"closed","template":"","meta":[],"product_cat":[139,151],"product_tag":[],"class_list":{"0":"post-4535","1":"product","2":"type-product","3":"status-publish","4":"has-post-thumbnail","6":"product_cat-gynaekologie","7":"product_cat-spekula-gynaekologie","9":"first","10":"instock","11":"shipping-taxable","12":"purchasable","13":"product-type-simple"},"_links":{"self":[{"href":"https:\/\/gvbm.net\/index.php\/wp-json\/wp\/v2\/product\/4535","targetHints":{"allow":["GET"]}}],"collection":[{"href":"https:\/\/gvbm.net\/index.php\/wp-json\/wp\/v2\/product"}],"about":[{"href":"https:\/\/gvbm.net\/index.php\/wp-json\/wp\/v2\/types\/product"}],"replies":[{"embeddable":true,"href":"https:\/\/gvbm.net\/index.php\/wp-json\/wp\/v2\/comments?post=4535"}],"wp:featuredmedia":[{"embeddable":true,"href":"https:\/\/gvbm.net\/index.php\/wp-json\/wp\/v2\/media\/4537"}],"wp:attachment":[{"href":"https:\/\/gvbm.net\/index.php\/wp-json\/wp\/v2\/media?parent=4535"}],"wp:term":[{"taxonomy":"product_cat","embeddable":true,"href":"https:\/\/gvbm.net\/index.php\/wp-json\/wp\/v2\/product_cat?post=4535"},{"taxonomy":"product_tag","embeddable":true,"href":"https:\/\/gvbm.net\/index.php\/wp-json\/wp\/v2\/product_tag?post=4535"}],"curies":[{"name":"wp","href":"https:\/\/api.w.org\/{rel}","templated":true}]}}