{"id":4576,"date":"2026-05-05T12:31:23","date_gmt":"2026-05-05T12:31:23","guid":{"rendered":"https:\/\/gvbm.net\/?post_type=product&#038;p=4576"},"modified":"2026-05-05T12:39:32","modified_gmt":"2026-05-05T12:39:32","slug":"rhino-rocket-gefuehrter-kolbenapplikator-zur-einbringung-von-nasentamponaden","status":"publish","type":"product","link":"https:\/\/gvbm.net\/index.php\/produkt\/rhino-rocket-gefuehrter-kolbenapplikator-zur-einbringung-von-nasentamponaden\/","title":{"rendered":"Rhino Rocket\u00ae Gef\u00fchrter Kolbenapplikator zur Einbringung von Nasentamponaden"},"content":{"rendered":"<h4>Anwendungsbereiche<\/h4>\n<p>Unsere Rhino Rocket ist ein kleiner rechteckiger Hohlstab aus Plastik mit spritzenartigem Kolbenmechnismus, der die umschlossene Nasentamponade trocken bis an die Zielposition f\u00fchren kann. An der Zielposition angekommen, presst der Anwender seinen Finger gegen die Daumendruckplatte und l\u00f6st damit die Nasentamponade aus dem Hohlstab. Die Rhino Rocket wird bei Epistaxis angewendet, wenn herk\u00f6mmliche Tamponaden nicht oder nur schwerlich durch konventionelle Wege an deren Zielposition gelangen. Um die Tamponade nach der Behandlung zu entfernen, ist ein R\u00fcckholfaden befestigt.<\/p>\n<h4>Material &amp; Form<\/h4>\n<p>Unsere Tamponaden sind aus Polyvinylalkohol (PVA), einem hochsaugf\u00e4higen, feinpor\u00f6sen und biokompatiblen Material und passen sich optimal den anatomischen Gegebenheiten an. Die in komprimierter Form gelieferten Schw\u00e4mme k\u00f6nnen ein Vielfaches Ihres Eigengewichtes an Fl\u00fcssigkeit aufnehmen. Solange die Tamponade noch trocken und komprimiert ist, ist diese einfach zuschneidbar.<\/p>\n<h4>Herstellung &amp; Zertifizierung<\/h4>\n<p><a name=\"_GoBack\"><\/a>Der Herstellungs- sowie Sterilisationsprozess\u00a0durch <a href=\"https:\/\/innoviamedical.com\/\" target=\"_blank\" rel=\"noopener\">Innovia Medical<\/a> gew\u00e4hrleisten eine saubere, anwenderoptimierte L\u00f6sung. Das Produkt ist durch Summit Medical USA ISO 13485 und CE zertifiziert. Weitere Informationen zu der Zertifizierung finden Sie <a href=\"https:\/\/gvbm.net\/index.php\/unternehmen\/qualitaet-zertifikate\/\">hier<\/a>.<\/p>\n","protected":false},"excerpt":{"rendered":"<p>Sichere Positionierung der Nasentamponade \u2013 ideal in schwierigen F\u00e4llen der Blutstillung, Epistaxis, Einweg-PVA-Schw\u00e4mmchen mit Haltef\u00e4den, steril verpackt, 8 St\u00fcck je Verkaufseinheit<\/p>\n","protected":false},"featured_media":4574,"comment_status":"open","ping_status":"closed","template":"","meta":[],"product_cat":[17,1083],"product_tag":[],"class_list":{"0":"post-4576","1":"product","2":"type-product","3":"status-publish","4":"has-post-thumbnail","6":"product_cat-hno","7":"product_cat-netcell_pva_tamponaden_schwaemmchen_otologie_rhinologie","9":"first","10":"instock","11":"shipping-taxable","12":"purchasable","13":"product-type-variable"},"_links":{"self":[{"href":"https:\/\/gvbm.net\/index.php\/wp-json\/wp\/v2\/product\/4576","targetHints":{"allow":["GET"]}}],"collection":[{"href":"https:\/\/gvbm.net\/index.php\/wp-json\/wp\/v2\/product"}],"about":[{"href":"https:\/\/gvbm.net\/index.php\/wp-json\/wp\/v2\/types\/product"}],"replies":[{"embeddable":true,"href":"https:\/\/gvbm.net\/index.php\/wp-json\/wp\/v2\/comments?post=4576"}],"wp:featuredmedia":[{"embeddable":true,"href":"https:\/\/gvbm.net\/index.php\/wp-json\/wp\/v2\/media\/4574"}],"wp:attachment":[{"href":"https:\/\/gvbm.net\/index.php\/wp-json\/wp\/v2\/media?parent=4576"}],"wp:term":[{"taxonomy":"product_cat","embeddable":true,"href":"https:\/\/gvbm.net\/index.php\/wp-json\/wp\/v2\/product_cat?post=4576"},{"taxonomy":"product_tag","embeddable":true,"href":"https:\/\/gvbm.net\/index.php\/wp-json\/wp\/v2\/product_tag?post=4576"}],"curies":[{"name":"wp","href":"https:\/\/api.w.org\/{rel}","templated":true}]}}