{"id":511,"date":"2019-01-24T10:31:45","date_gmt":"2019-01-24T10:31:45","guid":{"rendered":"https:\/\/gvbm-m1.ycdn.de\/index.php\/produkt\/sim-micro-slow-reaction-30-gebogen-rundes-aspirationsloch-regulr-einfach-steril-verpackt\/"},"modified":"2025-09-22T23:56:13","modified_gmt":"2025-09-22T23:56:13","slug":"sim-micro-slow-reaction-30-gebogen-rundes-aspirationsloch-regulr-einfach-steril-verpackt","status":"publish","type":"product","link":"https:\/\/gvbm.net\/index.php\/produkt\/sim-micro-slow-reaction-30-gebogen-rundes-aspirationsloch-regulr-einfach-steril-verpackt\/","title":{"rendered":"Sim Micro X-Serie"},"content":{"rendered":"<h4>Anwendungsbereiche<\/h4>\n<p>Unser Sim Micro \u201eSlow Reaction\u201c Einmalsauger ist ein einmalverwendbares chirurgisches Instrument, welches f\u00fcr die Entfernung von Fl\u00fcssigkeiten und R\u00fcckst\u00e4nden aus r\u00e4umlich begrenzten Stellen des operierten Bereiches wie z.B. Nasenh\u00f6hle<!---<a href=\"https:\/\/upload.wikimedia.org\/wikipedia\/commons\/4\/4b\/Diagram_showing_the_position_of_the_sinuses_CRUK_359.svg\" target=\"_blank\" rel=\"noopener\">Sinus paranasales<\/a>, Cavitas Nasi, <a href=\"https:\/\/www.apotheken.de\/krankheiten\/hintergrundwissen\/4212-das-medizinische-fachgebiet-hals-nasen-ohren-heilkunde\" target=\"_blank\" rel=\"noopener\">HNO<\/a>--->, <a href=\"https:\/\/upload.wikimedia.org\/wikipedia\/commons\/2\/26\/Blausen_0618_LumbarSpine.png\" target=\"_blank\" rel=\"noopener\">lumbale<\/a> und <a href=\"https:\/\/www.doc-burger.de\/wp-content\/uploads\/2018\/02\/Bild-4_montage-hws_fotolia.jpg\" target=\"_blank\" rel=\"noopener\">zervikale<\/a> Regionen der Wirbels\u00e4ule oder <a href=\"https:\/\/upload.wikimedia.org\/wikipedia\/commons\/9\/9f\/Cranial_bones_es.svg\" target=\"_blank\" rel=\"noopener\">intrakraniellen<\/a> Zug\u00e4ngen <!---<a href=\"https:\/\/www.spektrum.de\/lexikon\/neurowissenschaft\/neurochirurgie\/8528\" target=\"_blank\" rel=\"noopener\">Neurochirurgie<\/a>---> verwendet wird. Es stehen mehrere L\u00e4ngen und Lumengr\u00f6\u00dfen\u00a0zur Auswahl.<\/p>\n<h4>L\u00e4ngen<\/h4>\n<ul>\n<li>70-90mm Ohrsauger f\u00fcr die Otologie<\/li>\n<li>130-160mm Nasensauger f\u00fcr die Rhinologie<\/li>\n<\/ul>\n<h4>Material &amp; Form<\/h4>\n<p><a name=\"_GoBack\"><\/a>Der Sim Micro \u201eSlow Reaction\u201c Sauger ist bereits vorgebogen. Die Saugleistung wird durch ein Aspirationsloch im ergonomisch geformten Handgriff, gefertigt aus latexfreiem <!---Styrol-Butadien-Copolymer ---><a href=\"https:\/\/www.kunststoffe.de\/themen\/basics\/technische-kunststoffe\/acrylnitril-butadien-styrol-abs\/artikel\/acrylnitril-butadien-styrol-copolymer-abs-2915695.html\" target=\"_blank\" rel=\"noopener\">ABS<\/a>, kontrolliert. Das Saugrohr aus Stahl ist bereits in einem Winkel von 30\u00b0 vorgebogen, kann aber an einer beliebigen anderen Stelle eigenst\u00e4ndig durch den Operateur intraoperativ bis zu einem Winkel von maximal 20\u00b0 nachgebogen werden.<\/p>\n<p>Das Aspirationsloch ist bei der X-Serie (CSSR..X\u2026) klein und rund, und bei der <a href=\"https:\/\/gvbm.net\/index.php\/produkt\/sim-micro-slow-reaction-30-gebogen-tropfenfrmiges-aspirationsloch-regulr-einfach-steril-verpackt\/\">G-Serie<\/a> (CSSR..G\u2026) gr\u00f6\u00dfer und tropfenf\u00f6rmig. Die <a href=\"https:\/\/www.dguv.de\/ifa\/fachinfos\/laerm\/rechtliche-vorgaben-zu-arbeitsplatzlaerm\/index.jsp\" target=\"_blank\" rel=\"noopener\">Ger\u00e4uschentwicklung<\/a> ist durch das tropfenf\u00f6rmige Design des Aspirationslochs stark reduziert gegen\u00fcber dem traditionellen runden Loch. Zus\u00e4tzlich l\u00e4sst sich die Saugleistung durch die gr\u00f6\u00dfere Aussparung im Handgriff der G-Serie pr\u00e4ziser regulieren.<\/p>\n<h4>Herstellung &amp; Zertifizierung<\/h4>\n<p>Der Herstellungs- sowie Sterilisationsprozess in Italien durch <a href=\"http:\/\/www.medeurope.eu\/products\/sterile-disposable-surgical-transducer\" target=\"_blank\" rel=\"noopener\">Med Europe s.r.l.<\/a> gew\u00e4hrleisten hohe Stabilit\u00e4t, Bruchfestigkeit und eine saubere, anwenderoptimierte L\u00f6sung. Das Produkt ist durch Med Europe s.r.l. ISO 13485 und CE zertifiziert. Weitere Informationen zu der Zertifizierung finden Sie <a href=\"https:\/\/gvbm.net\/index.php\/unternehmen\/qualitaet-zertifikate\/\">hier<\/a>.<\/p>\n","protected":false},"excerpt":{"rendered":"<p>Sim Micro X-Serie-Einmalsauger, rundes Aspirationsloch, regul\u00e4r, steril verpackt, 60 St\u00fcck je Verkaufseinheit<\/p>\n","protected":false},"featured_media":3365,"comment_status":"open","ping_status":"closed","template":"","meta":[],"product_cat":[18,89,17,96,25,88],"product_tag":[614,607,604,610,608,609,615,605,618,622,606,616,611,617,612,620,621,557,613],"class_list":{"0":"post-511","1":"product","2":"type-product","3":"status-publish","4":"has-post-thumbnail","6":"product_cat-einmalsauger","7":"product_cat-einmalsauger-wirbelsaeulen-neurochirurgie","8":"product_cat-hno","9":"product_cat-sim-micro-einmalsauger-wirbelsaeulen-neurochirurgie","10":"product_cat-sim-micro","11":"product_cat-wirbelsaeulen-neurochirurgie","12":"product_tag-aspirationsloch","13":"product_tag-chirurgische-absauger","14":"product_tag-einmalsauger","15":"product_tag-einweg-sauger","16":"product_tag-einwegsauger","17":"product_tag-ferg","18":"product_tag-fraz","19":"product_tag-hno","20":"product_tag-kanuele","21":"product_tag-mikrosaugkanuele","22":"product_tag-neurochirurgie","23":"product_tag-otologie","24":"product_tag-rhino-chirurgie","25":"product_tag-rhinologie","26":"product_tag-rhinologisch","27":"product_tag-saugkanuelen","28":"product_tag-saugunterbrecher","29":"product_tag-steril","30":"product_tag-unterbrecherloch","31":"pa_abmessungen-07mm-x-70mm","32":"pa_abmessungen-07mm-x-90mm","33":"pa_abmessungen-14mm-x-70mm","34":"pa_abmessungen-14mm-x-90mm","35":"pa_abmessungen-1mm-x-70mm","36":"pa_abmessungen-1mm-x-90mm","37":"pa_abmessungen-2mm-x-130mm-2","38":"pa_abmessungen-2mm-x-160mm-2","39":"pa_abmessungen-2mm-x-80mm","40":"pa_abmessungen-3mm-x-130mm","41":"pa_abmessungen-3mm-x-160mm","42":"pa_abmessungen-3mm-x-80mm","43":"pa_abmessungen-4mm-x-130mm","44":"pa_abmessungen-4mm-x-160mm","45":"pa_abmessungen-4mm-x-80mm","47":"first","48":"instock","49":"shipping-taxable","50":"purchasable","51":"product-type-variable","52":"has-default-attributes"},"_links":{"self":[{"href":"https:\/\/gvbm.net\/index.php\/wp-json\/wp\/v2\/product\/511","targetHints":{"allow":["GET"]}}],"collection":[{"href":"https:\/\/gvbm.net\/index.php\/wp-json\/wp\/v2\/product"}],"about":[{"href":"https:\/\/gvbm.net\/index.php\/wp-json\/wp\/v2\/types\/product"}],"replies":[{"embeddable":true,"href":"https:\/\/gvbm.net\/index.php\/wp-json\/wp\/v2\/comments?post=511"}],"wp:featuredmedia":[{"embeddable":true,"href":"https:\/\/gvbm.net\/index.php\/wp-json\/wp\/v2\/media\/3365"}],"wp:attachment":[{"href":"https:\/\/gvbm.net\/index.php\/wp-json\/wp\/v2\/media?parent=511"}],"wp:term":[{"taxonomy":"product_cat","embeddable":true,"href":"https:\/\/gvbm.net\/index.php\/wp-json\/wp\/v2\/product_cat?post=511"},{"taxonomy":"product_tag","embeddable":true,"href":"https:\/\/gvbm.net\/index.php\/wp-json\/wp\/v2\/product_tag?post=511"}],"curies":[{"name":"wp","href":"https:\/\/api.w.org\/{rel}","templated":true}]}}