{"id":514,"date":"2019-01-24T10:32:03","date_gmt":"2019-01-24T10:32:03","guid":{"rendered":"https:\/\/gvbm-m1.ycdn.de\/index.php\/produkt\/sim-micro-silicon-tip-30-gebogen-rundes-aspirationsloch-atraumatische-silikonspitze-einfach-steril-verpackt\/"},"modified":"2025-09-22T23:44:11","modified_gmt":"2025-09-22T23:44:11","slug":"sim-micro-silicon-tip-30-gebogen-rundes-aspirationsloch-atraumatische-silikonspitze-einfach-steril-verpackt","status":"publish","type":"product","link":"https:\/\/gvbm.net\/index.php\/produkt\/sim-micro-silicon-tip-30-gebogen-rundes-aspirationsloch-atraumatische-silikonspitze-einfach-steril-verpackt\/","title":{"rendered":"Sim Micro &#8220;Silicon-Tip&#8221;"},"content":{"rendered":"<h4>Anwendungsbereiche<\/h4>\n<p>Unser Sim Micro \u201eSilicon\u201c Einmalsauger nach <a href=\"https:\/\/www.schoen-klinik.de\/hamburg-eilbek\/luca-papavero\" target=\"_blank\" rel=\"noopener\">Papavero<\/a> ist ein einmalverwendbares chirurgisches Absauginstrument, welches f\u00fcr die Entfernung von Fl\u00fcssigkeiten und R\u00fcckst\u00e4nden aus r\u00e4umlich begrenzten Stellen des operierten Bereiches wie z.B. Nasenh\u00f6hle, <a href=\"https:\/\/upload.wikimedia.org\/wikipedia\/commons\/2\/26\/Blausen_0618_LumbarSpine.png\" target=\"_blank\" rel=\"noopener\">lumbale<\/a> und <a href=\"https:\/\/www.doc-burger.de\/wp-content\/uploads\/2018\/02\/Bild-4_montage-hws_fotolia.jpg\" target=\"_blank\" rel=\"noopener\">zervikale<\/a> Regionen der Wirbels\u00e4ule oder <a href=\"https:\/\/upload.wikimedia.org\/wikipedia\/commons\/9\/9f\/Cranial_bones_es.svg\" target=\"_blank\" rel=\"noopener\">intrakraniellen<\/a> Zug\u00e4ngen\u00a0verwendet wird.<\/p>\n<h4>Material &amp; Form<\/h4>\n<p><a name=\"_GoBack\"><\/a>Der Sim Micro \u201eSilicon\u201c Sauger ist bereits vorgebogen und tr\u00e4gt einen silikonummantelten Rohrabschluss (<a href=\"http:\/\/knowledge.sourcebookmaterials.com\/usp-class-vi-silicone-is-independently-certified-for-biocompatibility\" target=\"_blank\" rel=\"noopener\">Medical Grade Silicon USP Class VI<\/a>), was umliegendes Gewebe schont und vor Traumatisierung oder L\u00e4sion sch\u00fctzt. Die Saugleistung wird durch ein kleines Aspirationsloch im ergonomisch geformten Handgriff, gefertigt aus latexfreiem <a href=\"https:\/\/www.kunststoffe.de\/themen\/basics\/technische-kunststoffe\/acrylnitril-butadien-styrol-abs\/artikel\/acrylnitril-butadien-styrol-copolymer-abs-2915695.html\" target=\"_blank\" rel=\"noopener\">Styrol-Butadien-Copolymer (ABS)<\/a>, reguliert. Das Saugrohr aus Stahl ist bereits in einem Winkel von 30\u00b0 vorgebogen, kann aber an einer beliebigen anderen Stelle eigenst\u00e4ndig durch den Operateur intraoperativ bis zu einem Winkel von maximal 20\u00b0 nachgebogen werden.<\/p>\n<h4>Herstellung &amp; Zertifizierung<\/h4>\n<p>Der Herstellungs- sowie Sterilisationsprozess in Italien durch <a href=\"http:\/\/www.medeurope.eu\/products\/sterile-disposable-surgical-transducer\" target=\"_blank\" rel=\"noopener\">Med Europe s.r.l.<\/a> gew\u00e4hrleisten hohe Stabilit\u00e4t, Bruchfestigkeit und eine saubere, anwenderoptimierte L\u00f6sung. Das Produkt ist durch Med Europe s.r.l. ISO 13485 und CE zertifiziert. Weitere Informationen zu der Zertifizierung finden Sie <a href=\"https:\/\/gvbm.net\/index.php\/unternehmen\/qualitaet-zertifikate\/\">hier<\/a>.<\/p>\n","protected":false},"excerpt":{"rendered":"<p>Sim Micro &#8220;Silicon-Tip&#8221;-Einmalsauger, 30\u00b0 gebogen, rundes Aspirationsloch, atraumatische Silikonspitze, einfach steril verpackt<\/p>\n","protected":false},"featured_media":1672,"comment_status":"open","ping_status":"closed","template":"","meta":[],"product_cat":[18,89,17,25,96,88],"product_tag":[],"class_list":{"0":"post-514","1":"product","2":"type-product","3":"status-publish","4":"has-post-thumbnail","6":"product_cat-einmalsauger","7":"product_cat-einmalsauger-wirbelsaeulen-neurochirurgie","8":"product_cat-hno","9":"product_cat-sim-micro","10":"product_cat-sim-micro-einmalsauger-wirbelsaeulen-neurochirurgie","11":"product_cat-wirbelsaeulen-neurochirurgie","12":"pa_abmessungen-2mm-x-160mm-2","13":"pa_abmessungen-2mm-x-80mm","14":"pa_abmessungen-3mm-x-160mm","15":"pa_abmessungen-3mm-x-80mm","16":"pa_abmessungen-4mm-x-160mm","17":"pa_abmessungen-4mm-x-80mm","19":"first","20":"instock","21":"shipping-taxable","22":"purchasable","23":"product-type-variable","24":"has-default-attributes"},"_links":{"self":[{"href":"https:\/\/gvbm.net\/index.php\/wp-json\/wp\/v2\/product\/514","targetHints":{"allow":["GET"]}}],"collection":[{"href":"https:\/\/gvbm.net\/index.php\/wp-json\/wp\/v2\/product"}],"about":[{"href":"https:\/\/gvbm.net\/index.php\/wp-json\/wp\/v2\/types\/product"}],"replies":[{"embeddable":true,"href":"https:\/\/gvbm.net\/index.php\/wp-json\/wp\/v2\/comments?post=514"}],"wp:featuredmedia":[{"embeddable":true,"href":"https:\/\/gvbm.net\/index.php\/wp-json\/wp\/v2\/media\/1672"}],"wp:attachment":[{"href":"https:\/\/gvbm.net\/index.php\/wp-json\/wp\/v2\/media?parent=514"}],"wp:term":[{"taxonomy":"product_cat","embeddable":true,"href":"https:\/\/gvbm.net\/index.php\/wp-json\/wp\/v2\/product_cat?post=514"},{"taxonomy":"product_tag","embeddable":true,"href":"https:\/\/gvbm.net\/index.php\/wp-json\/wp\/v2\/product_tag?post=514"}],"curies":[{"name":"wp","href":"https:\/\/api.w.org\/{rel}","templated":true}]}}