{"id":515,"date":"2019-01-24T10:32:13","date_gmt":"2019-01-24T10:32:13","guid":{"rendered":"https:\/\/gvbm-m1.ycdn.de\/index.php\/produkt\/vari-tube-brackmann-25-gebogen-rundes-aspirationsloch-gefenstert-einfach-steril-verpackt\/"},"modified":"2025-10-14T00:33:09","modified_gmt":"2025-10-14T00:33:09","slug":"vari-tube","status":"publish","type":"product","link":"https:\/\/gvbm.net\/index.php\/produkt\/vari-tube\/","title":{"rendered":"Vari Tube"},"content":{"rendered":"<h4>Anwendungsbereiche<\/h4>\n<p>Unser Vari Tube Einmalsauger ist ein einmalverwendbares chirurgisches Instrument, welches f\u00fcr die Entfernung von Fl\u00fcssigkeiten und R\u00fcckst\u00e4nden aus r\u00e4umlich begrenzten Stellen des operierten Bereiches wie z.B. der Nasenh\u00f6hle\u00a0<!---<a href=\"https:\/\/www.spektrum.de\/lexikon\/neurowissenschaft\/neurochirurgie\/8528\" target=\"_blank\" rel=\"noopener\">Neurochirurgie<\/a>--->verwendet wird.<\/p>\n<h4>Material &amp; Form<\/h4>\n<p><a name=\"_GoBack\"><\/a>Die Saugleistung wird durch ein kleines Aspirationsloch im ergonomisch geformten Handgriff, gefertigt aus <a href=\"http:\/\/www.chemie.de\/lexikon\/Polyvinylchlorid.html\" target=\"_blank\" rel=\"noopener\">PVC<\/a>, kontrolliert. Das Saugrohr aus japanischem Stahl ist bereits in einem Winkel von 30\u00b0 vorgebogen, kann aber an einer beliebigen anderen Stelle eigenst\u00e4ndig durch den Operateur intraoperativ bis zu einem Winkel von maximal 20\u00b0 nachgebogen werden.\u00a0Es stehen mehrere L\u00e4ngen und Lumengr\u00f6\u00dfen\u00a0zur Auswahl. Der violette Handgriff liegt balanciert und leicht in der Hand des Anwenders, wodurch Wohlgef\u00fchl und Pr\u00e4zision w\u00e4hrend der Verwendung f\u00f6rdert werden.<\/p>\n<h4>Herstellung &amp; Zertifizierung<\/h4>\n<p>Der Herstellungs- sowie Sterilisationsprozess in Gro\u00dfbritannien durch\u00a0<a href=\"https:\/\/www.networkmedical.co.uk\/\" target=\"_blank\" rel=\"noopener\">Network Medical Products Ltd.<\/a>\u00a0gew\u00e4hrleisten Qualit\u00e4t f\u00fcr h\u00f6chste Anspr\u00fcche und eine saubere, anwenderoptimierte L\u00f6sung. Weitere Informationen zu der Zertifizierung finden Sie <a href=\"https:\/\/gvbm.net\/index.php\/unternehmen\/qualitaet-zertifikate\/\">hier<\/a>.<\/p>\n","protected":false},"excerpt":{"rendered":"<p>Vari Tube-Einmalsauger, 25\u00b0 gebogen, rundes Aspirationsloch, regul\u00e4r, einfach steril verpackt<\/p>\n","protected":false},"featured_media":3375,"comment_status":"open","ping_status":"closed","template":"","meta":[],"product_cat":[18,17],"product_tag":[],"class_list":{"0":"post-515","1":"product","2":"type-product","3":"status-publish","4":"has-post-thumbnail","6":"product_cat-einmalsauger","7":"product_cat-hno","8":"pa_abmessungen-16mm-x-115mm","9":"pa_abmessungen-2mm-x-125mm","10":"pa_abmessungen-2mm-x-85mm","11":"pa_abmessungen-3mm-x-125mm","12":"pa_abmessungen-3mm-x-165mm","13":"pa_abmessungen-4mm-x-125mm","14":"pa_abmessungen-4mm-x-165mm","16":"first","17":"instock","18":"shipping-taxable","19":"purchasable","20":"product-type-variable","21":"has-default-attributes"},"_links":{"self":[{"href":"https:\/\/gvbm.net\/index.php\/wp-json\/wp\/v2\/product\/515","targetHints":{"allow":["GET"]}}],"collection":[{"href":"https:\/\/gvbm.net\/index.php\/wp-json\/wp\/v2\/product"}],"about":[{"href":"https:\/\/gvbm.net\/index.php\/wp-json\/wp\/v2\/types\/product"}],"replies":[{"embeddable":true,"href":"https:\/\/gvbm.net\/index.php\/wp-json\/wp\/v2\/comments?post=515"}],"wp:featuredmedia":[{"embeddable":true,"href":"https:\/\/gvbm.net\/index.php\/wp-json\/wp\/v2\/media\/3375"}],"wp:attachment":[{"href":"https:\/\/gvbm.net\/index.php\/wp-json\/wp\/v2\/media?parent=515"}],"wp:term":[{"taxonomy":"product_cat","embeddable":true,"href":"https:\/\/gvbm.net\/index.php\/wp-json\/wp\/v2\/product_cat?post=515"},{"taxonomy":"product_tag","embeddable":true,"href":"https:\/\/gvbm.net\/index.php\/wp-json\/wp\/v2\/product_tag?post=515"}],"curies":[{"name":"wp","href":"https:\/\/api.w.org\/{rel}","templated":true}]}}