{"id":517,"date":"2019-01-24T10:32:25","date_gmt":"2019-01-24T10:32:25","guid":{"rendered":"https:\/\/gvbm-m1.ycdn.de\/index.php\/produkt\/larynx-30-gebogen-rundes-aspirationsloch-regulr-einfach-steril-verpackt\/"},"modified":"2025-09-24T07:26:10","modified_gmt":"2025-09-24T07:26:10","slug":"langer-einmalsauger-vari-tube-design","status":"publish","type":"product","link":"https:\/\/gvbm.net\/index.php\/produkt\/langer-einmalsauger-vari-tube-design\/","title":{"rendered":"Langer Einmalsauger, Vari Tube Design"},"content":{"rendered":"<h4>Anwendungsbereiche<\/h4>\n<p>Unser Larynx Einmalsauger im Vari-Tube-Design ist ein einmalverwendbares chirurgisches Absauginstrument, welches f\u00fcr die Entfernung von Fl\u00fcssigkeiten und R\u00fcckst\u00e4nden aus entfernten r\u00e4umlich begrenzten Stellen des operierten Bereiches wie z.B. oralen und nasalen Zug\u00e4ngen. Die langen Einmalsauger sind nur f\u00fcr Eingriffe in der HNO zertifiziert!<\/p>\n<h4>Material &amp; Form<\/h4>\n<p>Die Saugrohre sind bereits in einem Winkel von 40\u00b0 vorgebogen. Die Saugleistung wird durch ein kleines Aspirationsloch im ergonomisch geformten Handgriff kontrolliert.<span data-ccp-props=\"{&quot;201341983&quot;:0,&quot;335559739&quot;:160,&quot;335559740&quot;:259}\">\u00a0<\/span><\/p>\n<h4>Herstellung &amp; Zertifizierung<\/h4>\n<p><a name=\"_GoBack\"><\/a>Der Herstellungs- sowie Sterilisationsprozess in Gro\u00dfbritannien durch\u00a0<a href=\"https:\/\/www.networkmedical.co.uk\/ent\/product-type\/suction-tubes\/f-e-s-s-suction-tubes\/\" target=\"_blank\" rel=\"noopener\">Network Medical Products Ltd.<\/a>\u00a0gew\u00e4hrleisten eine saubere, anwenderoptimierte L\u00f6sung. Das Produkt ist durch Network Medical Products Ltd.\u00a0ISO 13485\u00a0und\u00a0CE\u00a0zertifiziert. Weitere Informationen zu der Zertifizierung finden Sie <a href=\"https:\/\/gvbm.net\/index.php\/unternehmen\/qualitaet-zertifikate\/\">hier<\/a>.<\/p>\n","protected":false},"excerpt":{"rendered":"<p>Langer Einmalsauger, Vari Tube Design \u2013 40\u00b0 gebogen, ergonomischer Handgriff mit Aspirationsloch, steril verpackt, , 25 St\u00fcck je Verkaufseinheit.<\/p>\n","protected":false},"featured_media":1514,"comment_status":"open","ping_status":"closed","template":"","meta":[],"product_cat":[18,17,32],"product_tag":[],"class_list":{"0":"post-517","1":"product","2":"type-product","3":"status-publish","4":"has-post-thumbnail","6":"product_cat-einmalsauger","7":"product_cat-hno","8":"product_cat-lange-einmalsauger-larynx","9":"pa_abmessungen-2mm-x-215mm","10":"pa_abmessungen-2mm-x-275mm","11":"pa_abmessungen-2mm-x-350mm","12":"pa_abmessungen-3mm-x-250mm","13":"pa_abmessungen-3mm-x-275mm","14":"pa_abmessungen-3mm-x-350mm","15":"pa_abmessungen-4mm-x-215mm","16":"pa_abmessungen-4mm-x-275mm","17":"pa_abmessungen-4mm-x-350mm","19":"first","20":"instock","21":"shipping-taxable","22":"purchasable","23":"product-type-variable","24":"has-default-attributes"},"_links":{"self":[{"href":"https:\/\/gvbm.net\/index.php\/wp-json\/wp\/v2\/product\/517","targetHints":{"allow":["GET"]}}],"collection":[{"href":"https:\/\/gvbm.net\/index.php\/wp-json\/wp\/v2\/product"}],"about":[{"href":"https:\/\/gvbm.net\/index.php\/wp-json\/wp\/v2\/types\/product"}],"replies":[{"embeddable":true,"href":"https:\/\/gvbm.net\/index.php\/wp-json\/wp\/v2\/comments?post=517"}],"wp:featuredmedia":[{"embeddable":true,"href":"https:\/\/gvbm.net\/index.php\/wp-json\/wp\/v2\/media\/1514"}],"wp:attachment":[{"href":"https:\/\/gvbm.net\/index.php\/wp-json\/wp\/v2\/media?parent=517"}],"wp:term":[{"taxonomy":"product_cat","embeddable":true,"href":"https:\/\/gvbm.net\/index.php\/wp-json\/wp\/v2\/product_cat?post=517"},{"taxonomy":"product_tag","embeddable":true,"href":"https:\/\/gvbm.net\/index.php\/wp-json\/wp\/v2\/product_tag?post=517"}],"curies":[{"name":"wp","href":"https:\/\/api.w.org\/{rel}","templated":true}]}}