{"id":518,"date":"2019-01-24T10:32:31","date_gmt":"2019-01-24T10:32:31","guid":{"rendered":"https:\/\/gvbm-m1.ycdn.de\/index.php\/produkt\/larynx-30-gebogen-rundes-aspirationsloch-regulr-einfach-steril-verpackt-2\/"},"modified":"2025-09-20T22:24:08","modified_gmt":"2025-09-20T22:24:08","slug":"langer-einmalsauger-sim-micro-design","status":"publish","type":"product","link":"https:\/\/gvbm.net\/index.php\/produkt\/langer-einmalsauger-sim-micro-design\/","title":{"rendered":"Langer Einmalsauger, Sim Micro Design"},"content":{"rendered":"<h4>Anwendungsbereiche<\/h4>\n<p>Der Sim Micro \u201eSlow Reaction\u201c Einmalsauger ist ein einmalverwendbares chirurgisches Absauginstrument, entwickelt f\u00fcr das pr\u00e4zise Entfernen von Fl\u00fcssigkeiten und R\u00fcckst\u00e4nden aus r\u00e4umlich begrenzten Stellen im operierten Bereich.<\/p>\n<h4>Material &amp; Form<\/h4>\n<p>Es stehen mehrere\u00a0L\u00e4ngen und\u00a0Lumengr\u00f6\u00dfen zur Auswahl.<span data-ccp-props=\"{&quot;201341983&quot;:0,&quot;335559739&quot;:160,&quot;335559740&quot;:259}\">\u00a0<\/span>Der\u00a0Sim Micro \u201eSlow\u00a0Reaction\u201c\u00a0Sauger\u00a0ist\u00a0bereits vorgebogen. Die Saugleistung wird durch ein Aspirationsloch im ergonomisch geformten Handgriff, gefertigt aus\u00a0latexfreiem\u00a0<a href=\"https:\/\/www.kunststoffe.de\/themen\/basics\/technische-kunststoffe\/acrylnitril-butadien-styrol-abs\/artikel\/acrylnitril-butadien-styrol-copolymer-abs-2915695.html\" target=\"_blank\" rel=\"noopener\">Styrol-Butadien-Copolymer\u00a0(ABS)<\/a>,\u00a0kontrolliert.\u00a0Das Saugrohr aus Stahl\u00a0ist bereits in einem Winkel von 30\u00b0 vorgebogen, kann aber\u00a0an einer beliebigen\u00a0anderen\u00a0Stelle eigenst\u00e4ndig durch den Operateur\u00a0intraoperativ\u00a0bis zu einem Winkel von maximal 20\u00b0\u00a0nachgebogen werden.<span data-ccp-props=\"{&quot;201341983&quot;:0,&quot;335559739&quot;:160,&quot;335559740&quot;:259}\">\u00a0<\/span><\/p>\n<h4>Herstellung &amp; Zertifizierung<\/h4>\n<p>Der Herstellungs- sowie Sterilisationsprozess in Italien durch <a href=\"http:\/\/www.medeurope.eu\/products\/sterile-disposable-surgical-transducer\" target=\"_blank\" rel=\"noopener\">Med Europe s.r.l.<\/a> gew\u00e4hrleisten hohe Stabilit\u00e4t, Bruchfestigkeit und eine saubere, anwenderoptimierte L\u00f6sung. Das Produkt ist durch Med Europe s.r.l. ISO 13485 und CE zertifiziert. Weitere Informationen zu der Zertifizierung finden Sie <a href=\"https:\/\/gvbm.net\/index.php\/unternehmen\/qualitaet-zertifikate\/\">hier<\/a>.<\/p>\n","protected":false},"excerpt":{"rendered":"<p>Langer Einmalsauger, Sim Micro Design \u201eSlow Reaction\u201c \u2013 30\u00b0 gebogen, ergonomischer Handgriff mit Aspirationsloch, steril verpackt.<\/p>\n","protected":false},"featured_media":1513,"comment_status":"open","ping_status":"closed","template":"","meta":[],"product_cat":[18,89,17,32,103,88],"product_tag":[],"class_list":{"0":"post-518","1":"product","2":"type-product","3":"status-publish","4":"has-post-thumbnail","6":"product_cat-einmalsauger","7":"product_cat-einmalsauger-wirbelsaeulen-neurochirurgie","8":"product_cat-hno","9":"product_cat-lange-einmalsauger-larynx","10":"product_cat-lange-einmalsauger-larynx-einmalsauger-wirbelsaeulen-neurochirurgie","11":"product_cat-wirbelsaeulen-neurochirurgie","12":"pa_abmessungen-2mm-x-330mm","13":"pa_abmessungen-3mm-x-330mm","15":"first","16":"instock","17":"shipping-taxable","18":"purchasable","19":"product-type-variable","20":"has-default-attributes"},"_links":{"self":[{"href":"https:\/\/gvbm.net\/index.php\/wp-json\/wp\/v2\/product\/518","targetHints":{"allow":["GET"]}}],"collection":[{"href":"https:\/\/gvbm.net\/index.php\/wp-json\/wp\/v2\/product"}],"about":[{"href":"https:\/\/gvbm.net\/index.php\/wp-json\/wp\/v2\/types\/product"}],"replies":[{"embeddable":true,"href":"https:\/\/gvbm.net\/index.php\/wp-json\/wp\/v2\/comments?post=518"}],"wp:featuredmedia":[{"embeddable":true,"href":"https:\/\/gvbm.net\/index.php\/wp-json\/wp\/v2\/media\/1513"}],"wp:attachment":[{"href":"https:\/\/gvbm.net\/index.php\/wp-json\/wp\/v2\/media?parent=518"}],"wp:term":[{"taxonomy":"product_cat","embeddable":true,"href":"https:\/\/gvbm.net\/index.php\/wp-json\/wp\/v2\/product_cat?post=518"},{"taxonomy":"product_tag","embeddable":true,"href":"https:\/\/gvbm.net\/index.php\/wp-json\/wp\/v2\/product_tag?post=518"}],"curies":[{"name":"wp","href":"https:\/\/api.w.org\/{rel}","templated":true}]}}