{"id":520,"date":"2019-01-24T10:32:46","date_gmt":"2019-01-24T10:32:46","guid":{"rendered":"https:\/\/gvbm-m1.ycdn.de\/index.php\/produkt\/sim-micro-pvc-zweimal-15-gebogen-rundes-aspirationsloch-weichplastikrohr-einzeln-steril-verpackt\/"},"modified":"2025-09-22T23:33:10","modified_gmt":"2025-09-22T23:33:10","slug":"sim-micro-pvc-zweimal-15-gebogen-rundes-aspirationsloch-weichplastikrohr-einzeln-steril-verpackt","status":"publish","type":"product","link":"https:\/\/gvbm.net\/index.php\/produkt\/sim-micro-pvc-zweimal-15-gebogen-rundes-aspirationsloch-weichplastikrohr-einzeln-steril-verpackt\/","title":{"rendered":"Sim Micro &#8220;PVC&#8221;"},"content":{"rendered":"<h4>Anwendungsbereiche<\/h4>\n<p>Der Sim Micro \u201ePVC\u201c Einmalsauger ist ein einmalverwendbares chirurgisches Absauginstrument, das f\u00fcr die Entfernung von Fl\u00fcssigkeiten und R\u00fcckst\u00e4nden in r\u00e4umlich begrenzten OP-Bereichen entwickelt wurde.<\/p>\n<h4>Material &amp; Form<\/h4>\n<p><a name=\"_GoBack\"><\/a>Der Sim Micro \u201ePVC\u201c Sauger ist zweifach gebogen. Die Saugleistung wird durch ein Aspirationsloch im ergonomisch geformten Handgriff, gefertigt aus latexfreiem <a href=\"https:\/\/www.kunststoffe.de\/themen\/basics\/technische-kunststoffe\/acrylnitril-butadien-styrol-abs\/artikel\/acrylnitril-butadien-styrol-copolymer-abs-2915695.html\" target=\"_blank\" rel=\"noopener\">Styrol-Butadien-Copolymer (ABS)<\/a>, kontrolliert. Das Saugrohr aus PVC ist bereits zweifach in den Winkeln \u00e0 15\u00b0 vorgebogen.<\/p>\n<p>Das Aspirationsloch ist klein und rund.<\/p>\n<h4>Herstellung &amp; Zertifizierung<\/h4>\n<p>Der Herstellungs- sowie Sterilisationsprozess in Italien durch <a href=\"http:\/\/www.medeurope.eu\/products\/sterile-disposable-surgical-transducer\" target=\"_blank\" rel=\"noopener\">Med Europe s.r.l.<\/a> gew\u00e4hrleisten hohe Stabilit\u00e4t, Bruchfestigkeit und eine saubere, anwenderoptimierte L\u00f6sung. Das Produkt ist durch Med Europe s.r.l. ISO 13485 und CE zertifiziert. Weitere Informationen zu der Zertifizierung finden Sie <a href=\"https:\/\/gvbm.net\/index.php\/unternehmen\/qualitaet-zertifikate\/\">hier<\/a>.<\/p>\n","protected":false},"excerpt":{"rendered":"<p>Sim Micro \u201ePVC\u201c-Einweg-Sauger, 4 \u00d7 130 mm, doppelt gebogen, mit Aspirationsloch. Einzeln steril verpackt. 1 St\u00fcck je Verkaufseinheit.<\/p>\n","protected":false},"featured_media":3367,"comment_status":"open","ping_status":"closed","template":"","meta":[],"product_cat":[18,17,25],"product_tag":[],"class_list":{"0":"post-520","1":"product","2":"type-product","3":"status-publish","4":"has-post-thumbnail","6":"product_cat-einmalsauger","7":"product_cat-hno","8":"product_cat-sim-micro","9":"pa_abmessungen-3mm-x-130mm","10":"pa_abmessungen-4mm-x-130mm","12":"first","13":"instock","14":"shipping-taxable","15":"purchasable","16":"product-type-simple"},"_links":{"self":[{"href":"https:\/\/gvbm.net\/index.php\/wp-json\/wp\/v2\/product\/520","targetHints":{"allow":["GET"]}}],"collection":[{"href":"https:\/\/gvbm.net\/index.php\/wp-json\/wp\/v2\/product"}],"about":[{"href":"https:\/\/gvbm.net\/index.php\/wp-json\/wp\/v2\/types\/product"}],"replies":[{"embeddable":true,"href":"https:\/\/gvbm.net\/index.php\/wp-json\/wp\/v2\/comments?post=520"}],"wp:featuredmedia":[{"embeddable":true,"href":"https:\/\/gvbm.net\/index.php\/wp-json\/wp\/v2\/media\/3367"}],"wp:attachment":[{"href":"https:\/\/gvbm.net\/index.php\/wp-json\/wp\/v2\/media?parent=520"}],"wp:term":[{"taxonomy":"product_cat","embeddable":true,"href":"https:\/\/gvbm.net\/index.php\/wp-json\/wp\/v2\/product_cat?post=520"},{"taxonomy":"product_tag","embeddable":true,"href":"https:\/\/gvbm.net\/index.php\/wp-json\/wp\/v2\/product_tag?post=520"}],"curies":[{"name":"wp","href":"https:\/\/api.w.org\/{rel}","templated":true}]}}