{"id":521,"date":"2019-01-24T10:32:51","date_gmt":"2019-01-24T10:32:51","guid":{"rendered":"https:\/\/gvbm-m1.ycdn.de\/index.php\/produkt\/sinus-kieferhhlen-n-eiken-65-gebogen-olivenspitze-doppelt-steril-verpackt\/"},"modified":"2025-09-12T13:59:16","modified_gmt":"2025-09-12T13:59:16","slug":"kieferhoehlensauger-n-eiken","status":"publish","type":"product","link":"https:\/\/gvbm.net\/index.php\/produkt\/kieferhoehlensauger-n-eiken\/","title":{"rendered":"Kieferh\u00f6hlensauger n. Eiken"},"content":{"rendered":"<h4>Anwendungsbereiche<\/h4>\n<p>Der Kieferh\u00f6hlensauger n. Eiken ist ein einmalverwendbares chirurgisches Absauginstrument. Er wird insbesondere in der HNO-Chirurgie eingesetzt und dient zur sicheren Entfernung von Fl\u00fcssigkeiten und R\u00fcckst\u00e4nden aus schwer zug\u00e4nglichen Bereichen wie z. B. der Nasenh\u00f6hle oder den Kieferh\u00f6hlen.<\/p>\n<h4>Material &amp; Form<\/h4>\n<p>Das Saugrohr aus Stahl ist bereits zu einem angegebenen Winkel vorgebogen und tr\u00e4gt eine atraumatische Olive am Rohrende. In den Handgriff ist kein Aspirationsloch f\u00fcr die Regulation der Saugleistung eingelassen. Der <a href=\"http:\/\/www.adhesivedispensers.co.uk\/Images\/actaper3.jpg\" target=\"_blank\" rel=\"noopener\">Luer-Slip<\/a> Anschluss passt auf alle g\u00e4ngigen Schlauchadapter und Spritzen.\u00a0Es stehen mehrere Winkel und Lumengr\u00f6\u00dfen zur Auswahl.<\/p>\n<h4>Herstellung &amp; Zertifizierung<\/h4>\n<p>Der Herstellungs- sowie Sterilisationsprozess in Gro\u00dfbritannien durch <a href=\"http:\/\/dtrmedical.com\/products\/needle-holders\/\" target=\"_blank\" rel=\"noopener\">DTR medical Ltd.<\/a> gew\u00e4hrleisten hohe Stabilit\u00e4t, Bruchfestigkeit und eine saubere, anwenderoptimierte L\u00f6sung. Zus\u00e4tzlich wirkt sich die <a href=\"http:\/\/dtrmedical.com\/wp-content\/uploads\/2014\/11\/Environmental-Resources-2014.pdf\" target=\"_blank\" rel=\"noopener\">50%ige Stahlwiederverwendung<\/a>\u00a0positiv auf Umwelteinfl\u00fcsse aus. Das Produkt ist durch DTR medical Ltd. ISO 13485 und CE zertifiziert. Weitere Informationen zu der Zertifizierung finden Sie <a href=\"https:\/\/gvbm.net\/index.php\/unternehmen\/qualitaet-zertifikate\/\">hier<\/a>.<\/p>\n","protected":false},"excerpt":{"rendered":"<p>Kieferh\u00f6hlensauger n. Eiken -Einweg- mit atraumatischer Olivenspitze. Aus Stahl, vorgebogen, steril verpackt. 20 St\u00fcck je Verkaufseinheit.<\/p>\n","protected":false},"featured_media":3372,"comment_status":"open","ping_status":"closed","template":"","meta":[],"product_cat":[18,38,17],"product_tag":[],"class_list":{"0":"post-521","1":"product","2":"type-product","3":"status-publish","4":"has-post-thumbnail","6":"product_cat-einmalsauger","7":"product_cat-endonasal-sauger-sinus","8":"product_cat-hno","9":"pa_abmessungen-2mm-x-90mm-65-gebogen","10":"pa_abmessungen-3mm-x-90mm-65-gebogen","11":"pa_abmessungen-3mm-x-90mm-90-gebogen","12":"pa_abmessungen-4mm-x-90mm-65-gebogen","13":"pa_abmessungen-4mm-x-90mm-90-gebogen","15":"first","16":"instock","17":"shipping-taxable","18":"purchasable","19":"product-type-variable"},"_links":{"self":[{"href":"https:\/\/gvbm.net\/index.php\/wp-json\/wp\/v2\/product\/521","targetHints":{"allow":["GET"]}}],"collection":[{"href":"https:\/\/gvbm.net\/index.php\/wp-json\/wp\/v2\/product"}],"about":[{"href":"https:\/\/gvbm.net\/index.php\/wp-json\/wp\/v2\/types\/product"}],"replies":[{"embeddable":true,"href":"https:\/\/gvbm.net\/index.php\/wp-json\/wp\/v2\/comments?post=521"}],"wp:featuredmedia":[{"embeddable":true,"href":"https:\/\/gvbm.net\/index.php\/wp-json\/wp\/v2\/media\/3372"}],"wp:attachment":[{"href":"https:\/\/gvbm.net\/index.php\/wp-json\/wp\/v2\/media?parent=521"}],"wp:term":[{"taxonomy":"product_cat","embeddable":true,"href":"https:\/\/gvbm.net\/index.php\/wp-json\/wp\/v2\/product_cat?post=521"},{"taxonomy":"product_tag","embeddable":true,"href":"https:\/\/gvbm.net\/index.php\/wp-json\/wp\/v2\/product_tag?post=521"}],"curies":[{"name":"wp","href":"https:\/\/api.w.org\/{rel}","templated":true}]}}