{"id":522,"date":"2019-01-24T10:32:57","date_gmt":"2019-01-24T10:32:57","guid":{"rendered":"https:\/\/gvbm-m1.ycdn.de\/index.php\/produkt\/f-e-s-s-sinus-endoskopie-80-gebogen-rundes-aspirationsloch-olivenspitze-einzeln-steril-verpackt\/"},"modified":"2025-11-30T13:52:53","modified_gmt":"2025-11-30T13:52:53","slug":"endonasal-sauger","status":"publish","type":"product","link":"https:\/\/gvbm.net\/index.php\/produkt\/endonasal-sauger\/","title":{"rendered":"Endonasal-Sauger"},"content":{"rendered":"<h4>Anwendungsbereiche<\/h4>\n<p>Endonasal-Sauger f\u00fcr die funktionale endoskopische Sinus-Chirurgie (FESS)<br \/>\nUnser hochwertiger Endonasal-Sauger ist ein einmalverwendbares chirurgisches Instrument, speziell entwickelt f\u00fcr die Entfernung von Fl\u00fcssigkeiten und R\u00fcckst\u00e4nden aus schwer zug\u00e4nglichen Bereichen wie der Nasenh\u00f6hle.<\/p>\n<h4>Material &amp; Form<\/h4>\n<p>Der Sauger verf\u00fcgt \u00fcber ein rundes Aspirationsloch im ergonomischen Handgriff aus PVC. Mehrere Winkel und Lumengr\u00f6\u00dfen stehen zur Auswahl, um eine pr\u00e4zise Anpassung an den jeweiligen Eingriff zu erm\u00f6glichen. Der violette Handgriff liegt leicht und ausgewogen in der Hand, wodurch Pr\u00e4zision und Komfort w\u00e4hrend der Operation gef\u00f6rdert werden.<\/p>\n<h4>Herstellung &amp; Zertifizierung<\/h4>\n<p><a name=\"_GoBack\"><\/a>Der Herstellungs- sowie Sterilisationsprozess in Gro\u00dfbritannien durch\u00a0<a href=\"https:\/\/www.networkmedical.co.uk\/ent\/product-type\/suction-tubes\/f-e-s-s-suction-tubes\/\" target=\"_blank\" rel=\"noopener\">Network Medical Products Ltd.<\/a>\u00a0gew\u00e4hrleisten eine saubere, anwenderoptimierte L\u00f6sung. Das Produkt ist durch Network Medical Products Ltd.\u00a0ISO 13485\u00a0und\u00a0CE\u00a0zertifiziert. Weitere Informationen zu der Zertifizierung finden Sie <a href=\"https:\/\/gvbm.net\/index.php\/unternehmen\/qualitaet-zertifikate\/\">hier<\/a>.<\/p>\n","protected":false},"excerpt":{"rendered":"<p>Endonasal-Sauger \u2013 Einmalsauger f\u00fcr FESS\/NNH mit Olivenspitze, 3 mm x 85 mm, rundes Aspirationsloch, steril verpackt, 25 Stk je Verkaufseinheit<\/p>\n","protected":false},"featured_media":3368,"comment_status":"open","ping_status":"closed","template":"","meta":[],"product_cat":[18,38,17],"product_tag":[912,911,869,896,887,893,892,900,904,889,898,897,901,891,938,899,906,888,903,890,902,894,895,905,909,908,907,885,878,910,913,916,914,915,926,919,918,925,884,922,921,924,920,927,923,935,934,936,886,940,939,947,948,954,951,953,952,957,958,971,967,963,969,976,968,964,974,973,975,972,961,962,965,966,970,978,979,881,982,980,985,981,986,984,977,950,956,983,987,991,994,988,995,996,992,997,990,989,993,998,999,868,870,917,883,880,930,875,879,941,876,955,933,931,882,959,872,874,871,929,873,877,932,928,960,1000,1017,1001,1004,1002,1006,1005,1003,1007,1008,1009,1010,1013,1014,1012,1011,1018,1016,1019,1015,1021,1020,937,949,943,944,942,946,945],"class_list":{"0":"post-522","1":"product","2":"type-product","3":"status-publish","4":"has-post-thumbnail","6":"product_cat-einmalsauger","7":"product_cat-endonasal-sauger-sinus","8":"product_cat-hno","9":"product_tag-bilateral-endonasal-dacryocystorhinostomy","10":"product_tag-bilateral-endonasal-dcr","11":"product_tag-endonasal","12":"product_tag-endonasal-adenoma","13":"product_tag-endonasal-adenoma-removal","14":"product_tag-endonasal-adjustment","15":"product_tag-endonasal-anatomy","16":"product_tag-endonasal-anatomy-of-pterygopalatine-fossa","17":"product_tag-endonasal-and-transmaxillary-approach","18":"product_tag-endonasal-approach","19":"product_tag-endonasal-approach-anatomy","20":"product_tag-endonasal-approach-dacryocystorhinostomy","21":"product_tag-endonasal-approach-definition","22":"product_tag-endonasal-approach-endoscopic","23":"product_tag-endonasal-approach-for","24":"product_tag-endonasal-approach-for-craniopharyngioma","25":"product_tag-endonasal-approach-for-pituitary-gland","26":"product_tag-endonasal-approach-for-pituitary-tumors","27":"product_tag-endonasal-approach-optic-nerve","28":"product_tag-endonasal-approach-rhinoplasty","29":"product_tag-endonasal-approach-to-clivus","30":"product_tag-endonasal-approach-to-orbital-pathology","31":"product_tag-endonasal-approach-to-petrous-apex","32":"product_tag-endonasal-approach-to-skull-base-meningiomas","33":"product_tag-endonasal-balloon","34":"product_tag-endonasal-balloon-cranial-adjusting","35":"product_tag-endonasal-balloon-therapy","36":"product_tag-endonasal-balloon-treatment","37":"product_tag-endonasal-bedeutung","38":"product_tag-endonasal-biopsy","39":"product_tag-endonasal-cauterisation","40":"product_tag-endonasal-cavernous-sinus","41":"product_tag-endonasal-cavity","42":"product_tag-endonasal-cost","43":"product_tag-endonasal-dacryocystorhinostomy-cpt-code","44":"product_tag-endonasal-dacryocystorhinostomy-procedure","45":"product_tag-endonasal-dacryocystorhinostomy-surgery","46":"product_tag-endonasal-dacryocystorhinostomy-with-stent","47":"product_tag-endonasal-dcr","48":"product_tag-endonasal-dcr-operation","49":"product_tag-endonasal-dcr-procedure-endonasal-denker-operation","50":"product_tag-endonasal-dcr-stent","51":"product_tag-endonasal-dcr-surgery","52":"product_tag-endonasal-dcr-youtube","53":"product_tag-endonasal-dorsal-hump-reduction","54":"product_tag-endonasal-frontal-sinus-drainage","55":"product_tag-endonasal-frontal-sinus-drainage-type-i-iii-according-to-draf","56":"product_tag-endonasal-functional-endoscopic-sinus-surgery","57":"product_tag-endonasal-hypophysectomy","58":"product_tag-endonasal-incision","59":"product_tag-endonasal-intubation","60":"product_tag-endonasal-lacrimal-surgery","61":"product_tag-endonasal-ligation-epistaxis","62":"product_tag-endonasal-maxillectomy","63":"product_tag-endonasal-micro-endoscopic-frontal-sinus-surgery-the-fulda-concept","64":"product_tag-endonasal-microscopic-approach","65":"product_tag-endonasal-microsurgery","66":"product_tag-endonasal-odontoidectomy","67":"product_tag-endonasal-osteotomy","68":"product_tag-endonasal-recovery-time","69":"product_tag-endonasal-reflexology","70":"product_tag-endonasal-release","71":"product_tag-endonasal-repair","72":"product_tag-endonasal-repair-surgery","73":"product_tag-endonasal-resection","74":"product_tag-endonasal-resection-craniopharyngioma","75":"product_tag-endonasal-resection-of-chordoma","76":"product_tag-endonasal-resection-procedure","77":"product_tag-endonasal-resection-skull-base","78":"product_tag-endonasal-revision-rhinoplasty","79":"product_tag-endonasal-rhinoplasty","80":"product_tag-endonasal-rhinoplasty-approach","81":"product_tag-endonasal-rhinoplasty-cost","82":"product_tag-endonasal-rhinoplasty-recovery-time","83":"product_tag-endonasal-rhinoplasty-video","84":"product_tag-endonasal-septoplasty","85":"product_tag-endonasal-septorhinoplasty","86":"product_tag-endonasal-septumdeviation","87":"product_tag-endonasal-significado","88":"product_tag-endonasal-sinus-surgery","89":"product_tag-endonasal-sinus-surgery-procedure","90":"product_tag-endonasal-sphenoidotomie","91":"product_tag-endonasal-spine","92":"product_tag-endonasal-sublabial-transsphenoidal-approach","93":"product_tag-endonasal-surgery","94":"product_tag-endonasal-surgery-csf-leak","95":"product_tag-endonasal-surgery-nasal-packing","96":"product_tag-endonasal-surgery-recovery","97":"product_tag-endonasal-technique","98":"product_tag-endonasal-technique-chiropractic","99":"product_tag-endonasal-technique-ear-drainage","100":"product_tag-endonasal-therapy","101":"product_tag-endonasal-therapy-blocked-eustachian-tube","102":"product_tag-endonasal-transsphenoidal","103":"product_tag-endonasal-transsphenoidal-approach","104":"product_tag-endonasal-transsphenoidal-resection","105":"product_tag-endonasal-transsphenoidal-surgery","106":"product_tag-endonasal-tube-definition","107":"product_tag-endonasal-tumor","108":"product_tag-endonasal-versus-external-dacryocystorhinostomy-for-nasolacrimal-duct-obstruction","109":"product_tag-endonasal-versus-transcranial-resection","110":"product_tag-endonasal-einweg-sauger","111":"product_tag-endonasale","112":"product_tag-endonasale-chirurgie","113":"product_tag-endonasale-dacryocystorhinostomie","114":"product_tag-endonasale-dakryozystorhinostomie","115":"product_tag-endonasale-endoskopische-operation-endonasale-infundibulotomie","116":"product_tag-endonasale-ethmoidektomie","117":"product_tag-endonasale-kieferhoehlen-op","118":"product_tag-endonasale-kieferhoehlenoperation","119":"product_tag-endonasale-nasennebenhoehlenchirurgie","120":"product_tag-endonasale-nasennebenhoehlenoperation","121":"product_tag-endonasale-nebenhoehlenoperation","122":"product_tag-endonasale-nnh-op","123":"product_tag-endonasale-nnh-operation","124":"product_tag-endonasale-op","125":"product_tag-endonasale-operation","126":"product_tag-endonasale-pansinus-op","127":"product_tag-endonasale-pansinusoperation","128":"product_tag-endonasale-siebbeinoperation","129":"product_tag-endonasale-stirnhoehlenoperation","130":"product_tag-endonasale-traenenwegsoperation","131":"product_tag-endonasaler-widerstand","132":"product_tag-endoscopic-dcr-recovery","133":"product_tag-endoscopic-endonasal-orbital-transposition-to-expand-the-frontal-sinus-approaches","134":"product_tag-endoscopic-endonasal-variability-in-the-anatomy-of-the-internal-carotid-artery","135":"product_tag-fees-nose-surgery","136":"product_tag-fess","137":"product_tag-fess-and-polypectomy","138":"product_tag-fess-and-septoplasty","139":"product_tag-fess-and-turbinectomy","140":"product_tag-fess-and-turbinoplasty","141":"product_tag-fess-aspirator","142":"product_tag-fess-german","143":"product_tag-fess-hno","144":"product_tag-fess-hno-op","145":"product_tag-fess-hno-operation","146":"product_tag-fess-in-ent","147":"product_tag-fess-in-ent-surgery","148":"product_tag-fess-instrumente-set","149":"product_tag-fess-instruments","150":"product_tag-fess-nasal-flush","151":"product_tag-fess-nasal-irrigation","152":"product_tag-fess-nasal-oil","153":"product_tag-fess-nasal-surgery","154":"product_tag-fess-operation-nhs","155":"product_tag-fess-operation-sinus","156":"product_tag-functional-endonasal-sinus-surgery-functional-endonasal-surgery","157":"product_tag-functional-endoscopic-endonasal-laser-surgery","158":"product_tag-kelly-endonasal-suction-tube","159":"product_tag-kit-endonasal","160":"product_tag-kit-endonasal-pratical","161":"product_tag-kit-endonasal-prc","162":"product_tag-kit-endonasal-razek","164":"first","165":"instock","166":"shipping-taxable","167":"purchasable","168":"product-type-variable"},"_links":{"self":[{"href":"https:\/\/gvbm.net\/index.php\/wp-json\/wp\/v2\/product\/522","targetHints":{"allow":["GET"]}}],"collection":[{"href":"https:\/\/gvbm.net\/index.php\/wp-json\/wp\/v2\/product"}],"about":[{"href":"https:\/\/gvbm.net\/index.php\/wp-json\/wp\/v2\/types\/product"}],"replies":[{"embeddable":true,"href":"https:\/\/gvbm.net\/index.php\/wp-json\/wp\/v2\/comments?post=522"}],"wp:featuredmedia":[{"embeddable":true,"href":"https:\/\/gvbm.net\/index.php\/wp-json\/wp\/v2\/media\/3368"}],"wp:attachment":[{"href":"https:\/\/gvbm.net\/index.php\/wp-json\/wp\/v2\/media?parent=522"}],"wp:term":[{"taxonomy":"product_cat","embeddable":true,"href":"https:\/\/gvbm.net\/index.php\/wp-json\/wp\/v2\/product_cat?post=522"},{"taxonomy":"product_tag","embeddable":true,"href":"https:\/\/gvbm.net\/index.php\/wp-json\/wp\/v2\/product_tag?post=522"}],"curies":[{"name":"wp","href":"https:\/\/api.w.org\/{rel}","templated":true}]}}