{"id":526,"date":"2019-01-24T10:33:26","date_gmt":"2019-01-24T10:33:26","guid":{"rendered":"https:\/\/gvbm-m1.ycdn.de\/index.php\/produkt\/house-adapter-mit-aspirationsloch-einzeln-steril-verpackt\/"},"modified":"2025-09-03T19:20:08","modified_gmt":"2025-09-03T19:20:08","slug":"house-adapter","status":"publish","type":"product","link":"https:\/\/gvbm.net\/index.php\/produkt\/house-adapter\/","title":{"rendered":"Einweg-Handgriff (Luer-Adapter)"},"content":{"rendered":"<h4>Anwendungsbereiche<\/h4>\n<p>Der Einweg-Handgriff Luer-Adapter dient als praktischer Schlauchadapter f\u00fcr chirurgische und otologische Eingriffe. Er erm\u00f6glicht die Entfernung von Fl\u00fcssigkeiten und R\u00fcckst\u00e4nden aus schwer zug\u00e4nglichen Bereichen des Operationsfeldes und unterst\u00fctzt so eine saubere und sichere Durchf\u00fchrung von Eingriffen..<\/p>\n<h4>Material &amp; Form<\/h4>\n<p>Die Saugleistung wird durch ein kleines Unterbrecherloch im ergonomisch geformten Handgriff, gefertigt aus\u00a0<a href=\"http:\/\/www.chemie.de\/lexikon\/Polyvinylchlorid.html\" target=\"_blank\" rel=\"noopener\">PVC<\/a>, kontrolliert.\u00a0Der\u00a0<a href=\"http:\/\/www.adhesivedispensers.co.uk\/Images\/actaper3.jpg\" target=\"_blank\" rel=\"noopener\">Luer-Slip<\/a>\u00a0Anschluss\u00a0auf der einen Seite und der Schlauchanschluss auf der Anderen macht unseren Schlauchadapter zur optimalen L\u00f6sung f\u00fcr otologische Operationen und Untersuchungen.<\/p>\n<p>Der Handgriff liegt leicht in der Hand des Anwenders, wodurch Wohlgef\u00fchl und Pr\u00e4zision w\u00e4hrend der Verwendung f\u00f6rdert werden.<\/p>\n<h4>Herstellung &amp; Zertifizierung<\/h4>\n<p><a name=\"_GoBack\"><\/a>Der Herstellungs- sowie Sterilisationsprozess in Indien durch Eon Meditech gew\u00e4hrleisten eine saubere, anwenderoptimierte L\u00f6sung. Das Produkt ist durch Eon Meditech ISO 13485 und CE zertifiziert. Weitere Informationen zu der Zertifizierung finden Sie <a href=\"https:\/\/gvbm.net\/index.php\/unternehmen\/qualitaet-zertifikate\/\">hier<\/a>.<\/p>\n","protected":false},"excerpt":{"rendered":"<p>Einweg-Handgriff (Luer-Adapter) \u2013 Schlauchadapter mit Aspirationsloch, steril, 50 Stk<\/p>\n","protected":false},"featured_media":4011,"comment_status":"open","ping_status":"closed","template":"","meta":[],"product_cat":[17,45],"product_tag":[],"class_list":{"0":"post-526","1":"product","2":"type-product","3":"status-publish","4":"has-post-thumbnail","6":"product_cat-hno","7":"product_cat-otologie_einweg_kanuelen","8":"pa_abmessungen-15mm-x-60mm","10":"first","11":"instock","12":"shipping-taxable","13":"purchasable","14":"product-type-simple"},"_links":{"self":[{"href":"https:\/\/gvbm.net\/index.php\/wp-json\/wp\/v2\/product\/526","targetHints":{"allow":["GET"]}}],"collection":[{"href":"https:\/\/gvbm.net\/index.php\/wp-json\/wp\/v2\/product"}],"about":[{"href":"https:\/\/gvbm.net\/index.php\/wp-json\/wp\/v2\/types\/product"}],"replies":[{"embeddable":true,"href":"https:\/\/gvbm.net\/index.php\/wp-json\/wp\/v2\/comments?post=526"}],"wp:featuredmedia":[{"embeddable":true,"href":"https:\/\/gvbm.net\/index.php\/wp-json\/wp\/v2\/media\/4011"}],"wp:attachment":[{"href":"https:\/\/gvbm.net\/index.php\/wp-json\/wp\/v2\/media?parent=526"}],"wp:term":[{"taxonomy":"product_cat","embeddable":true,"href":"https:\/\/gvbm.net\/index.php\/wp-json\/wp\/v2\/product_cat?post=526"},{"taxonomy":"product_tag","embeddable":true,"href":"https:\/\/gvbm.net\/index.php\/wp-json\/wp\/v2\/product_tag?post=526"}],"curies":[{"name":"wp","href":"https:\/\/api.w.org\/{rel}","templated":true}]}}