{"id":527,"date":"2019-01-24T10:33:38","date_gmt":"2019-01-24T10:33:38","guid":{"rendered":"https:\/\/gvbm-m1.ycdn.de\/index.php\/produkt\/mikrosaugkanle-grn-gewinkelt-luer-lock-einzeln-steril-verpackt\/"},"modified":"2025-09-21T16:02:53","modified_gmt":"2025-09-21T16:02:53","slug":"otologie-einweg-kanuele","status":"publish","type":"product","link":"https:\/\/gvbm.net\/index.php\/produkt\/otologie-einweg-kanuele\/","title":{"rendered":"Otologie-Einweg-Kan\u00fcle"},"content":{"rendered":"<h4>Anwendungsbereiche<\/h4>\n<p>Unsere Otologie-Einweg-Kan\u00fcle ist ein chirurgisches Einmal-Absauginstrument, das speziell f\u00fcr die Entfernung von Fl\u00fcssigkeiten und R\u00fcckst\u00e4nden aus schwer zug\u00e4nglichen Bereichen entwickelt wurde.<br \/>\nBesonders eignet sich die Kan\u00fcle als Ohrsauger in der Otologie sowie f\u00fcr weitere HNO-Eingriffe.<\/p>\n<h4>Material &amp; Form<\/h4>\n<p>Der <a href=\"http:\/\/www.adhesivedispensers.co.uk\/Images\/actaper3.jpg\" target=\"_blank\" rel=\"noopener\">Luer-Slip<\/a> Anschluss passt auf alle g\u00e4ngigen <a href=\"https:\/\/gvbm.net\/index.php\/produkt\/house-adapter\/\">Schlauchadapter<\/a>\u00a0(z.B. n. Wullstein) und Spritzen.\u00a0Es stehen mehrere Lumengr\u00f6\u00dfen zur Auswahl.<\/p>\n<h4>Herstellung &amp; Zertifizierung<\/h4>\n<p><a name=\"_GoBack\"><\/a>Der Herstellungs- sowie Sterilisationsprozess in Gro\u00dfbritannien durch\u00a0<a href=\"https:\/\/www.networkmedical.co.uk\/ent\/product-type\/suction-tubes\/f-e-s-s-suction-tubes\/\" target=\"_blank\" rel=\"noopener\">Network Medical Products Ltd.<\/a>\u00a0gew\u00e4hrleisten eine saubere, anwenderoptimierte L\u00f6sung. Das Produkt ist durch Network Medical Products Ltd.\u00a0ISO 13485\u00a0und\u00a0CE\u00a0zertifiziert. Weitere Informationen zu der Zertifizierung finden Sie\u00a0<a href=\"https:\/\/gvbm.net\/index.php\/unternehmen\/qualitaet-zertifikate\/\">hier<\/a>.<\/p>\n","protected":false},"excerpt":{"rendered":"<p>Otologie-Einweg-Kan\u00fcle, Kniegebogen, mit Luer-Slip Anschluss. Steril verpackt, 50 St\u00fcck je Verkaufseinheit.<\/p>\n","protected":false},"featured_media":2003,"comment_status":"open","ping_status":"closed","template":"","meta":[],"product_cat":[17,45],"product_tag":[844,834,838,847,832,833,836,835,837,610,608,858,848,849,856,616,867,839,840,841,843,850,845,846,851,852,853,857,859,860,862,861,863,855,854,865,864,866,842],"class_list":{"0":"post-527","1":"product","2":"type-product","3":"status-publish","4":"has-post-thumbnail","6":"product_cat-hno","7":"product_cat-otologie_einweg_kanuelen","8":"product_tag-belucci-wullstein-retractor","9":"product_tag-chirurgische-einmalsauger","10":"product_tag-chirurgische-einweg-sauger","11":"product_tag-clasificacion-wullstein","12":"product_tag-einmal-sauger","13":"product_tag-einmalsauger-hno","14":"product_tag-einweg-sauger-hno","15":"product_tag-einweg-sauger-krankenhaus","16":"product_tag-einweg-sauger-otologie","17":"product_tag-einweg-sauger","18":"product_tag-einwegsauger","19":"product_tag-klassifikation-nach-wullstein","20":"product_tag-modified-wullstein-classification","21":"product_tag-modified-wullstein-classification-of-tympanoplasty","22":"product_tag-modified-wullstein-zollner-criteria","23":"product_tag-otologie","24":"product_tag-otologie-sauger","25":"product_tag-sterile-einweg-sauger","26":"product_tag-wullstein","27":"product_tag-wullstein-alligator-forceps","28":"product_tag-wullstein-buck","29":"product_tag-wullstein-classification","30":"product_tag-wullstein-classification-of-tympanoplasty","31":"product_tag-wullstein-cup-forceps","32":"product_tag-wullstein-ear-forceps","33":"product_tag-wullstein-elevator","34":"product_tag-wullstein-forceps","35":"product_tag-wullstein-needle","36":"product_tag-wullstein-op","37":"product_tag-wullstein-operation","38":"product_tag-wullstein-raspatory","39":"product_tag-wullstein-retractor","40":"product_tag-wullstein-scissor","41":"product_tag-wullstein-sickle-knife","42":"product_tag-wullstein-suction-handle","43":"product_tag-wullstein-tympanoplasty","44":"product_tag-wullstein-tympanoplasty-classification","45":"product_tag-wullstein-tympanoplasty-types","46":"product_tag-zollner-and-wullstein-classification","47":"pa_abmessungen-04mm-x-70mm","48":"pa_abmessungen-05mm-x-70mm","49":"pa_abmessungen-07mm-x-70mm","50":"pa_abmessungen-07mm-x-80mm","51":"pa_abmessungen-09mm-x-70mm","52":"pa_abmessungen-12mm-x-70mm","53":"pa_abmessungen-14mm-x-70mm","54":"pa_abmessungen-14mm-x-80mm","55":"pa_abmessungen-16mm-x-70mm","56":"pa_abmessungen-17mm-x-70mm","57":"pa_abmessungen-17mm-x-80mm","58":"pa_abmessungen-1mm-x-70mm","59":"pa_abmessungen-1mm-x-80mm","60":"pa_abmessungen-25mm-x-100mm","61":"pa_abmessungen-25mm-x-80mm","62":"pa_abmessungen-2mm-x-100mm","63":"pa_abmessungen-2mm-x-70mm","64":"pa_abmessungen-2mm-x-80mm","65":"pa_abmessungen-3mm-x-100mm","66":"pa_abmessungen-3mm-x-80mm","68":"first","69":"instock","70":"shipping-taxable","71":"purchasable","72":"product-type-variable"},"_links":{"self":[{"href":"https:\/\/gvbm.net\/index.php\/wp-json\/wp\/v2\/product\/527","targetHints":{"allow":["GET"]}}],"collection":[{"href":"https:\/\/gvbm.net\/index.php\/wp-json\/wp\/v2\/product"}],"about":[{"href":"https:\/\/gvbm.net\/index.php\/wp-json\/wp\/v2\/types\/product"}],"replies":[{"embeddable":true,"href":"https:\/\/gvbm.net\/index.php\/wp-json\/wp\/v2\/comments?post=527"}],"wp:featuredmedia":[{"embeddable":true,"href":"https:\/\/gvbm.net\/index.php\/wp-json\/wp\/v2\/media\/2003"}],"wp:attachment":[{"href":"https:\/\/gvbm.net\/index.php\/wp-json\/wp\/v2\/media?parent=527"}],"wp:term":[{"taxonomy":"product_cat","embeddable":true,"href":"https:\/\/gvbm.net\/index.php\/wp-json\/wp\/v2\/product_cat?post=527"},{"taxonomy":"product_tag","embeddable":true,"href":"https:\/\/gvbm.net\/index.php\/wp-json\/wp\/v2\/product_tag?post=527"}],"curies":[{"name":"wp","href":"https:\/\/api.w.org\/{rel}","templated":true}]}}