{"id":536,"date":"2019-01-24T10:34:41","date_gmt":"2019-01-24T10:34:41","guid":{"rendered":"https:\/\/gvbm-m1.ycdn.de\/index.php\/produkt\/mikro-krokodilfasszangen-hartmann-sthlerne-lackierung-einfach-steril-verpackt\/"},"modified":"2025-09-21T15:58:12","modified_gmt":"2025-09-21T15:58:12","slug":"mikro-krokodilfasszangen-hartmann","status":"publish","type":"product","link":"https:\/\/gvbm.net\/index.php\/produkt\/mikro-krokodilfasszangen-hartmann\/","title":{"rendered":"Ohrz\u00e4ngchen n. Hartmann (gerieft o. gezahnt)"},"content":{"rendered":"<h4>Anwendungsbereiche<\/h4>\n<p>Unser <strong data-start=\"257\" data-end=\"294\">gerieftes Ohrz\u00e4ngchen n. Hartmann<\/strong> ist ein einmalverwendbares chirurgisches Instrument, das f\u00fcr das <strong data-start=\"360\" data-end=\"415\">Greifen und Manipulieren von R\u00fcckst\u00e4nden und Gewebe<\/strong> verwendet wird.<\/p>\n<h4 data-start=\"435\" data-end=\"456\">Material &amp; Form<\/h4>\n<ul data-start=\"457\" data-end=\"764\">\n<li data-start=\"457\" data-end=\"500\">\n<p data-start=\"459\" data-end=\"500\">Mehrere Maulformen und Farben verf\u00fcgbar<\/p>\n<\/li>\n<li data-start=\"501\" data-end=\"578\">\n<p data-start=\"503\" data-end=\"578\">Matt-schwarzes Firnis reduziert st\u00f6rende Lichtreflexionen f\u00fcr klare Sicht<\/p>\n<\/li>\n<li data-start=\"579\" data-end=\"660\">\n<p data-start=\"581\" data-end=\"660\">Feines, gezahntes Maul erm\u00f6glicht das sichere Festhalten kleinster Strukturen<\/p>\n<\/li>\n<li data-start=\"661\" data-end=\"764\">\n<p data-start=\"663\" data-end=\"764\">Einmalgebrauch garantiert Pr\u00e4zision der Mechanik und reduziert Kosten durch entfallende Reparaturen.<\/p>\n<\/li>\n<\/ul>\n<h4 data-start=\"663\" data-end=\"764\">\u00a0Herstellung &amp; Zertifizierung<\/h4>\n<p data-start=\"663\" data-end=\"764\">Der Herstellungs- sowie Sterilisationsprozess in <strong data-start=\"850\" data-end=\"891\">Gro\u00dfbritannien durch <a href=\"http:\/\/dtrmedical.com\/products\/crocodile-micro-forceps\/\" target=\"_blank\" rel=\"noopener\">DTR\u00a0medical\u00a0Ltd<\/a>.<\/strong> gew\u00e4hrleistet hohe Stabilit\u00e4t, Bruchfestigkeit und eine saubere, anwenderoptimierte L\u00f6sung. Das Produkt ist <a href=\"http:\/\/dtrmedical.com\/wp-content\/uploads\/2018\/10\/BSI-Certificate.pdf\" target=\"_blank\" rel=\"noopener\">ISO 13485<\/a><strong data-start=\"1002\" data-end=\"1028\">-zertifiziert<\/strong> und <a href=\"http:\/\/dtrmedical.com\/wp-content\/uploads\/2017\/11\/Intertek-Annex-V-certificate-601-01-CE.pdf\" target=\"_blank\" rel=\"noopener\">CE<\/a><strong data-start=\"1033\" data-end=\"1054\">-gekennzeichnet<\/strong>.<br data-start=\"1055\" data-end=\"1058\" \/>Die <a href=\"http:\/\/dtrmedical.com\/wp-content\/uploads\/2014\/11\/Environmental-Resources-2014.pdf\" target=\"_blank\" rel=\"noopener\">50%ige Stahlwiederverwendung<\/a> wirkt sich zus\u00e4tzlich positiv auf die Umwelt aus. (Weitere Informationen zur ISO Norm finden Sie\u00a0<a href=\"https:\/\/www.iso.org\/standard\/59752.html\" target=\"_blank\" rel=\"noopener\">hier<\/a>).<\/p>\n","protected":false},"excerpt":{"rendered":"<p>Ohrz\u00e4ngchen n. Hartmann (gerieft), f\u00fcr pr\u00e4zises Greifen von Gewebe &amp; R\u00fcckst\u00e4nden. Steril verpackt, 20 St\u00fcck je Verkaufseinheit.<\/p>\n","protected":false},"featured_media":3378,"comment_status":"open","ping_status":"closed","template":"","meta":[],"product_cat":[17,58],"product_tag":[831,828,830,829],"class_list":{"0":"post-536","1":"product","2":"type-product","3":"status-publish","4":"has-post-thumbnail","6":"product_cat-hno","7":"product_cat-ohrzaengchen","8":"product_tag-mikro-ohrzaengchen","9":"product_tag-ohrzaengchen","10":"product_tag-ohrzaengchen-hartmann","11":"product_tag-ohrzaengchen-nach-hartmann","13":"first","14":"instock","15":"shipping-taxable","16":"purchasable","17":"product-type-variable"},"_links":{"self":[{"href":"https:\/\/gvbm.net\/index.php\/wp-json\/wp\/v2\/product\/536","targetHints":{"allow":["GET"]}}],"collection":[{"href":"https:\/\/gvbm.net\/index.php\/wp-json\/wp\/v2\/product"}],"about":[{"href":"https:\/\/gvbm.net\/index.php\/wp-json\/wp\/v2\/types\/product"}],"replies":[{"embeddable":true,"href":"https:\/\/gvbm.net\/index.php\/wp-json\/wp\/v2\/comments?post=536"}],"wp:featuredmedia":[{"embeddable":true,"href":"https:\/\/gvbm.net\/index.php\/wp-json\/wp\/v2\/media\/3378"}],"wp:attachment":[{"href":"https:\/\/gvbm.net\/index.php\/wp-json\/wp\/v2\/media?parent=536"}],"wp:term":[{"taxonomy":"product_cat","embeddable":true,"href":"https:\/\/gvbm.net\/index.php\/wp-json\/wp\/v2\/product_cat?post=536"},{"taxonomy":"product_tag","embeddable":true,"href":"https:\/\/gvbm.net\/index.php\/wp-json\/wp\/v2\/product_tag?post=536"}],"curies":[{"name":"wp","href":"https:\/\/api.w.org\/{rel}","templated":true}]}}