{"id":542,"date":"2019-01-24T10:35:23","date_gmt":"2019-01-24T10:35:23","guid":{"rendered":"https:\/\/gvbm-m1.ycdn.de\/index.php\/produkt\/galea-haken-mit-silikon-zug-latexfrei-unbeschichtet-gro-einfach-steril-verpackt\/"},"modified":"2025-09-11T22:59:17","modified_gmt":"2025-09-11T22:59:17","slug":"galea-haken-mit-silikon-zug","status":"publish","type":"product","link":"https:\/\/gvbm.net\/index.php\/produkt\/galea-haken-mit-silikon-zug\/","title":{"rendered":"Galea-Haken mit Silikon-Zug"},"content":{"rendered":"<h4>Anwendungsbereiche<\/h4>\n<p>Der Galeahaken (Fischhaken, Silikonzug-Retraktor) ist ein einmalverwendbares chirurgisches Instrument, das zum Aufspannen, Offenhalten und Sichern von Gewebe bei operativen Er\u00f6ffnungen eingesetzt wird. Besonders h\u00e4ufig findet er Anwendung in der Neurochirurgie, z. B. bei Eingriffen am <a href=\"https:\/\/upload.wikimedia.org\/wikipedia\/commons\/e\/e3\/Cranium.jpg\" target=\"_blank\" rel=\"noopener\">Kranium<\/a>\u00a0(<a href=\"https:\/\/www.spektrum.de\/lexikon\/neurowissenschaft\/neurochirurgie\/8528\" target=\"_blank\" rel=\"noopener\">Neurochirurgie<\/a>).<span data-ccp-props=\"{&quot;201341983&quot;:0,&quot;335559739&quot;:160,&quot;335559740&quot;:259}\">\u00a0<\/span><\/p>\n<h4>Material &amp; Form<\/h4>\n<p>Stumpfe Haken fixieren sich zuverl\u00e4ssig im Gewebe, sobald die <a href=\"https:\/\/upload.wikimedia.org\/wikipedia\/commons\/d\/d5\/Springs_009.jpg\" target=\"_blank\" rel=\"noopener\">Zugfeder<\/a> unter Spannung gesetzt wird.<\/p>\n<p>Am Ende des Instruments befindet sich ein gezahnter Clip, der an Stativ, Halterung oder Abdecktuch (mittels Tuchklemme) befestigt werden kann, um das Randgewebe aufgespannt zu halten.<\/p>\n<ul>\n<li>Zugl\u00e4nge: 200 mm<\/li>\n<li>Latexfrei &amp; unbeschichtet<\/li>\n<li>Gr\u00f6\u00dfe: gro\u00df<\/li>\n<\/ul>\n<h4>Herstellung &amp; Zertifizierung<\/h4>\n<p>Gefertigt und sterilisiert in Wales (Gro\u00dfbritannien) durch <a href=\"http:\/\/dtrmedical.com\/products\/fish-hook-retractor\/\" target=\"_blank\" rel=\"noopener\">DTR\u00a0medical\u00a0Ltd.<\/a><br \/>\nDas Produkt bietet hohe Stabilit\u00e4t, Bruchfestigkeit und eine anwenderoptimierte L\u00f6sung.<br \/>\nZus\u00e4tzlich wird durch 50 % <a href=\"http:\/\/dtrmedical.com\/wp-content\/uploads\/2014\/11\/Environmental-Resources-2014.pdf\" target=\"_blank\" rel=\"noopener\">Stahlwiederverwendung<\/a> (recycelter Rohstoff) ein Beitrag zur Umweltfreundlichkeit geleistet.<\/p>\n<p>Zertifiziert nach \u00a0<a href=\"http:\/\/dtrmedical.com\/wp-content\/uploads\/2018\/10\/BSI-Certificate.pdf\" target=\"_blank\" rel=\"noopener\">ISO 13485<\/a> und mit <a href=\"http:\/\/dtrmedical.com\/wp-content\/uploads\/2017\/11\/Intertek-Annex-V-certificate-601-01-CE.pdf\" target=\"_blank\" rel=\"noopener\">CE<\/a>-Kennzeichen.<br \/>\nWeitere Informationen zur Zertifizierung finden Sie <a href=\"https:\/\/www.iso.org\/standard\/59752.html\" target=\"_blank\" rel=\"noopener\">hier<\/a>.<\/p>\n","protected":false},"excerpt":{"rendered":"<h5>Galea-Haken mit Silikon-Zug<\/h5>\n<p>Einmal-Retraktor, 200 mm Zugl\u00e4nge, latexfrei,gro\u00df und steril verpackt<\/p>\n","protected":false},"featured_media":1466,"comment_status":"open","ping_status":"closed","template":"","meta":[],"product_cat":[17,88,65,131],"product_tag":[],"class_list":{"0":"post-542","1":"product","2":"type-product","3":"status-publish","4":"has-post-thumbnail","6":"product_cat-hno","7":"product_cat-wirbelsaeulen-neurochirurgie","8":"product_cat-zugretraktoren","9":"product_cat-zugretraktoren-wirbelsaeulen-neurochirurgie","10":"pa_abmessungen-07mm-x-33mm-galea-doppel-haken","11":"pa_abmessungen-100mm-galea-haken","12":"pa_abmessungen-110mm-galea-haken","14":"first","15":"instock","16":"shipping-taxable","17":"purchasable","18":"product-type-variable"},"_links":{"self":[{"href":"https:\/\/gvbm.net\/index.php\/wp-json\/wp\/v2\/product\/542","targetHints":{"allow":["GET"]}}],"collection":[{"href":"https:\/\/gvbm.net\/index.php\/wp-json\/wp\/v2\/product"}],"about":[{"href":"https:\/\/gvbm.net\/index.php\/wp-json\/wp\/v2\/types\/product"}],"replies":[{"embeddable":true,"href":"https:\/\/gvbm.net\/index.php\/wp-json\/wp\/v2\/comments?post=542"}],"wp:featuredmedia":[{"embeddable":true,"href":"https:\/\/gvbm.net\/index.php\/wp-json\/wp\/v2\/media\/1466"}],"wp:attachment":[{"href":"https:\/\/gvbm.net\/index.php\/wp-json\/wp\/v2\/media?parent=542"}],"wp:term":[{"taxonomy":"product_cat","embeddable":true,"href":"https:\/\/gvbm.net\/index.php\/wp-json\/wp\/v2\/product_cat?post=542"},{"taxonomy":"product_tag","embeddable":true,"href":"https:\/\/gvbm.net\/index.php\/wp-json\/wp\/v2\/product_tag?post=542"}],"curies":[{"name":"wp","href":"https:\/\/api.w.org\/{rel}","templated":true}]}}