{"id":545,"date":"2019-01-24T10:35:43","date_gmt":"2019-01-24T10:35:43","guid":{"rendered":"https:\/\/gvbm-m1.ycdn.de\/index.php\/produkt\/tumarkin-ohrspekulum-gre-0-einfach-steril-verpackt\/"},"modified":"2025-12-16T18:12:24","modified_gmt":"2025-12-16T18:12:24","slug":"tumarkin-ohrspekulum","status":"publish","type":"product","link":"https:\/\/gvbm.net\/index.php\/produkt\/tumarkin-ohrspekulum\/","title":{"rendered":"Tumarkin Ohrspekulum"},"content":{"rendered":"<h3 data-start=\"276\" data-end=\"464\">Anwendungsbereiche<\/h3>\n<p data-start=\"276\" data-end=\"464\"><br data-start=\"298\" data-end=\"301\" \/>Unser Tumarkin Ohrspekulum nach Hartmann (Tumarkin, Shea, Rosen, Toynbee, Z\u00f6llner, Farrior) ist ein einmalverwendbares chirurgisches Instrument, welches f\u00fcr das:<\/p>\n<ul data-start=\"466\" data-end=\"540\">\n<li data-start=\"466\" data-end=\"478\">\n<p data-start=\"468\" data-end=\"478\">Spreizen<\/p>\n<\/li>\n<li data-start=\"479\" data-end=\"494\">\n<p data-start=\"481\" data-end=\"494\">Offenhalten<\/p>\n<\/li>\n<li data-start=\"495\" data-end=\"540\">\n<p data-start=\"497\" data-end=\"540\">Sichern der <a href=\"https:\/\/upload.wikimedia.org\/wikipedia\/commons\/2\/29\/Gray907.png\" target=\"_blank\" rel=\"noopener\">Ohrmuschel und des Geh\u00f6rgangs<\/a><\/p>\n<\/li>\n<\/ul>\n<p data-start=\"542\" data-end=\"570\">verwendet wird, z.\u202fB. bei:<\/p>\n<ul data-start=\"572\" data-end=\"624\">\n<li data-start=\"572\" data-end=\"585\">\n<p data-start=\"574\" data-end=\"585\"><a href=\"http:\/\/www.gesundheits-lexikon.com\/Medizingeraetediagnostik\/Ohren\/Ohrenspiegelung-Otoskopie-.html\" target=\"_blank\" rel=\"noopener\">Otoskopie<\/a><\/p>\n<\/li>\n<li data-start=\"586\" data-end=\"601\">\n<p data-start=\"588\" data-end=\"601\"><a href=\"http:\/\/www.gesundheits-lexikon.com\/Operationen\/Hals-Nasen-Ohren-Chirurgie\/Trommelfellschnitt-Parazentese-.html\" target=\"_blank\" rel=\"noopener\">Parazentese<\/a><\/p>\n<\/li>\n<li data-start=\"602\" data-end=\"624\">\n<p data-start=\"604\" data-end=\"624\"><a href=\"https:\/\/www.apotheken.de\/krankheiten\/hintergrundwissen\/4212-das-medizinische-fachgebiet-hals-nasen-ohren-heilkunde\" target=\"_blank\" rel=\"noopener\">HNO<\/a>-Untersuchungen<\/p>\n<\/li>\n<\/ul>\n<p data-start=\"626\" data-end=\"665\">Es stehen mehrere Gr\u00f6\u00dfen zur Auswahl.<\/p>\n<h4 data-start=\"626\" data-end=\"665\">Material &amp; Form<\/h4>\n<p data-start=\"626\" data-end=\"665\">Einmalprodukt, unsteril.<\/p>\n<h4 data-start=\"717\" data-end=\"1055\">Herstellung &amp; Zertifizierung<\/h4>\n<p data-start=\"717\" data-end=\"1055\">Der Herstellungsprozess in Wales (Gro\u00dfbritannien) durch <a href=\"http:\/\/dtrmedical.com\/products\/ear-specula-tumarkin\/\" target=\"_blank\" rel=\"noopener\">DTR medical Ltd.<\/a>\u00a0gew\u00e4hrleistet hohe Stabilit\u00e4t, Bruchfestigkeit und eine saubere, anwenderoptimierte L\u00f6sung.<br data-start=\"918\" data-end=\"921\" \/>Das Produkt ist durch <em data-start=\"943\" data-end=\"961\">DTR medical Ltd.<a href=\"http:\/\/dtrmedical.com\/wp-content\/uploads\/2018\/10\/BSI-Certificate.pdf\" target=\"_blank\" rel=\"noopener\">ISO 13485<\/a><\/em>\u00a0und <a href=\"http:\/\/dtrmedical.com\/wp-content\/uploads\/2017\/11\/Intertek-Annex-V-certificate-601-01-CE.pdf\" target=\"_blank\" rel=\"noopener\">CE<\/a> zertifiziert. Weitere Informationen zu der Zertifizierung finden Sie <a href=\"https:\/\/www.iso.org\/standard\/59752.html\" target=\"_blank\" rel=\"noopener\">hier<\/a>.<\/p>\n","protected":false},"excerpt":{"rendered":"<p>Tumarkin Ohrspekulum-Einmal-Produkt, unsteril, 100 St\u00fcck je Verkaufseinheit<\/p>\n","protected":false},"featured_media":4510,"comment_status":"open","ping_status":"closed","template":"","meta":[],"product_cat":[17,70],"product_tag":[],"class_list":{"0":"post-545","1":"product","2":"type-product","3":"status-publish","4":"has-post-thumbnail","6":"product_cat-hno","7":"product_cat-spekula","8":"pa_abmessungen-3-5mm","9":"pa_abmessungen-4-5mm","10":"pa_abmessungen-5-5mm","11":"pa_abmessungen-6-5mm","12":"pa_abmessungen-6mm","13":"pa_abmessungen-7mm","15":"first","16":"instock","17":"shipping-taxable","18":"purchasable","19":"product-type-variable"},"_links":{"self":[{"href":"https:\/\/gvbm.net\/index.php\/wp-json\/wp\/v2\/product\/545","targetHints":{"allow":["GET"]}}],"collection":[{"href":"https:\/\/gvbm.net\/index.php\/wp-json\/wp\/v2\/product"}],"about":[{"href":"https:\/\/gvbm.net\/index.php\/wp-json\/wp\/v2\/types\/product"}],"replies":[{"embeddable":true,"href":"https:\/\/gvbm.net\/index.php\/wp-json\/wp\/v2\/comments?post=545"}],"wp:featuredmedia":[{"embeddable":true,"href":"https:\/\/gvbm.net\/index.php\/wp-json\/wp\/v2\/media\/4510"}],"wp:attachment":[{"href":"https:\/\/gvbm.net\/index.php\/wp-json\/wp\/v2\/media?parent=545"}],"wp:term":[{"taxonomy":"product_cat","embeddable":true,"href":"https:\/\/gvbm.net\/index.php\/wp-json\/wp\/v2\/product_cat?post=545"},{"taxonomy":"product_tag","embeddable":true,"href":"https:\/\/gvbm.net\/index.php\/wp-json\/wp\/v2\/product_tag?post=545"}],"curies":[{"name":"wp","href":"https:\/\/api.w.org\/{rel}","templated":true}]}}