{"id":546,"date":"2019-01-24T10:35:48","date_gmt":"2019-01-24T10:35:48","guid":{"rendered":"https:\/\/gvbm-m1.ycdn.de\/index.php\/produkt\/shea-ohrspekulum-gre-1-einfach-steril-verpackt\/"},"modified":"2025-09-22T22:04:09","modified_gmt":"2025-09-22T22:04:09","slug":"shea-ohrspekulum","status":"publish","type":"product","link":"https:\/\/gvbm.net\/index.php\/produkt\/shea-ohrspekulum\/","title":{"rendered":"Shea Ohrspekulum"},"content":{"rendered":"<h4>Anwendungsbereiche<\/h4>\n<p>Unser Shea Ohrspekulum nach Shea ist ein einmalverwendbares chirurgisches Instrument, das zum Spreizen, Offenhalten und Sichern der <a href=\"https:\/\/upload.wikimedia.org\/wikipedia\/commons\/2\/29\/Gray907.png\" target=\"_blank\" rel=\"noopener\">Ohrmuschel und des Geh\u00f6rgangs (<\/a><a href=\"http:\/\/www.gesundheits-lexikon.com\/Medizingeraetediagnostik\/Ohren\/Ohrenspiegelung-Otoskopie-.html\" target=\"_blank\" rel=\"noopener\">Otoskopie<\/a><a href=\"https:\/\/upload.wikimedia.org\/wikipedia\/commons\/2\/29\/Gray907.png\" target=\"_blank\" rel=\"noopener\">, <\/a><a href=\"http:\/\/www.gesundheits-lexikon.com\/Operationen\/Hals-Nasen-Ohren-Chirurgie\/Trommelfellschnitt-Parazentese-.html\" target=\"_blank\" rel=\"noopener\">Parazentese<\/a><a href=\"https:\/\/upload.wikimedia.org\/wikipedia\/commons\/2\/29\/Gray907.png\" target=\"_blank\" rel=\"noopener\">, <\/a><a href=\"https:\/\/www.apotheken.de\/krankheiten\/hintergrundwissen\/4212-das-medizinische-fachgebiet-hals-nasen-ohren-heilkunde\" target=\"_blank\" rel=\"noopener\">HNO<\/a><a href=\"https:\/\/upload.wikimedia.org\/wikipedia\/commons\/2\/29\/Gray907.png\" target=\"_blank\" rel=\"noopener\">)<\/a> eingesetzt wird. Typische Anwendungen sind Otoskopie, Parazentese und weitere HNO-Eingriffe. Es stehen verschiedene Gr\u00f6\u00dfen zur Auswahl, um eine optimale Anpassung an den Patienten zu erm\u00f6glichen.<\/p>\n<h4>Material &amp; Form<\/h4>\n<ul>\n<li>Einmalprodukt, stabil und bruchfest<\/li>\n<li>Mehrere Gr\u00f6\u00dfen erh\u00e4ltlich<\/li>\n<li>Ergonomische Form f\u00fcr sicheren Halt und gute Sicht<\/li>\n<\/ul>\n<h4>Herstellung &amp; Zertifizierung<\/h4>\n<p>Der Herstellungsprozess erfolgt in Wales (Gro\u00dfbritannien) durch <a href=\"http:\/\/dtrmedical.com\/products\/ear-specula-tumarkin\/\" target=\"_blank\" rel=\"noopener\">DTR medical Ltd.<\/a> und gew\u00e4hrleistet eine hohe Stabilit\u00e4t, Bruchfestigkeit sowie eine anwenderoptimierte L\u00f6sung.<br \/>\nDas Produkt ist nach <a href=\"http:\/\/dtrmedical.com\/wp-content\/uploads\/2018\/10\/BSI-Certificate.pdf\" target=\"_blank\" rel=\"noopener\">ISO 13485<\/a> zertifiziert und <a href=\"http:\/\/dtrmedical.com\/wp-content\/uploads\/2017\/11\/Intertek-Annex-V-certificate-601-01-CE.pdf\" target=\"_blank\" rel=\"noopener\">CE<\/a>-gekennzeichnet. (Weitere Informationen zur ISO Norm finden Sie <a href=\"https:\/\/www.iso.org\/standard\/59752.html\" target=\"_blank\" rel=\"noopener\">hier<\/a>)<a name=\"_GoBack\"><\/a><\/p>\n","protected":false},"excerpt":{"rendered":"<p>Einweg-Shea Ohrspekulum nach Shea, unsteril, 100 St\u00fcck je Verkaufseinheit.<\/p>\n","protected":false},"featured_media":1458,"comment_status":"open","ping_status":"closed","template":"","meta":[],"product_cat":[17,70],"product_tag":[],"class_list":{"0":"post-546","1":"product","2":"type-product","3":"status-publish","4":"has-post-thumbnail","6":"product_cat-hno","7":"product_cat-spekula","8":"pa_abmessungen-35mm-x-41mm","9":"pa_abmessungen-45mm-x-55mm","10":"pa_abmessungen-55mm-x-75mm","11":"pa_abmessungen-65mm-x-85mm","13":"first","14":"instock","15":"shipping-taxable","16":"purchasable","17":"product-type-variable"},"_links":{"self":[{"href":"https:\/\/gvbm.net\/index.php\/wp-json\/wp\/v2\/product\/546","targetHints":{"allow":["GET"]}}],"collection":[{"href":"https:\/\/gvbm.net\/index.php\/wp-json\/wp\/v2\/product"}],"about":[{"href":"https:\/\/gvbm.net\/index.php\/wp-json\/wp\/v2\/types\/product"}],"replies":[{"embeddable":true,"href":"https:\/\/gvbm.net\/index.php\/wp-json\/wp\/v2\/comments?post=546"}],"wp:featuredmedia":[{"embeddable":true,"href":"https:\/\/gvbm.net\/index.php\/wp-json\/wp\/v2\/media\/1458"}],"wp:attachment":[{"href":"https:\/\/gvbm.net\/index.php\/wp-json\/wp\/v2\/media?parent=546"}],"wp:term":[{"taxonomy":"product_cat","embeddable":true,"href":"https:\/\/gvbm.net\/index.php\/wp-json\/wp\/v2\/product_cat?post=546"},{"taxonomy":"product_tag","embeddable":true,"href":"https:\/\/gvbm.net\/index.php\/wp-json\/wp\/v2\/product_tag?post=546"}],"curies":[{"name":"wp","href":"https:\/\/api.w.org\/{rel}","templated":true}]}}