{"id":547,"date":"2019-01-24T10:35:52","date_gmt":"2019-01-24T10:35:52","guid":{"rendered":"https:\/\/gvbm-m1.ycdn.de\/index.php\/produkt\/ovales-ohrspekulum-gre-1-einfach-steril-verpackt\/"},"modified":"2025-12-16T18:08:30","modified_gmt":"2025-12-16T18:08:30","slug":"ovales-ohrspekulum","status":"publish","type":"product","link":"https:\/\/gvbm.net\/index.php\/produkt\/ovales-ohrspekulum\/","title":{"rendered":"Ovales Ohrspekulum"},"content":{"rendered":"<h4>Anwendungsbereiche<\/h4>\n<p><br data-start=\"297\" data-end=\"300\" \/>Das <strong data-start=\"304\" data-end=\"333\">Ohrspekulum nach Hartmann<\/strong> ist ein einmalverwendbares chirurgisches Instrument, das f\u00fcr das <strong data-start=\"399\" data-end=\"470\">Spreizen, Offenhalten und Sichern der <a href=\"https:\/\/upload.wikimedia.org\/wikipedia\/commons\/2\/29\/Gray907.png\" target=\"_blank\" rel=\"noopener\">Ohrmuschel und des Geh\u00f6rgangs<\/a><\/strong> verwendet wird (<a href=\"http:\/\/www.gesundheits-lexikon.com\/Medizingeraetediagnostik\/Ohren\/Ohrenspiegelung-Otoskopie-.html\" target=\"_blank\" rel=\"noopener\">Otoskopie<\/a>, <a href=\"http:\/\/www.gesundheits-lexikon.com\/Operationen\/Hals-Nasen-Ohren-Chirurgie\/Trommelfellschnitt-Parazentese-.html\" target=\"_blank\" rel=\"noopener\">Parazentese<\/a>, <a href=\"https:\/\/www.apotheken.de\/krankheiten\/hintergrundwissen\/4212-das-medizinische-fachgebiet-hals-nasen-ohren-heilkunde\" target=\"_blank\" rel=\"noopener\">HNO<\/a>).<\/p>\n<h4 data-start=\"520\" data-end=\"541\">Material &amp; Form<\/h4>\n<ul data-start=\"542\" data-end=\"635\">\n<li data-start=\"542\" data-end=\"570\">\n<p data-start=\"544\" data-end=\"570\">Mehrere Gr\u00f6\u00dfen verf\u00fcgbar<\/p>\n<\/li>\n<li data-start=\"571\" data-end=\"635\">\n<p data-start=\"573\" data-end=\"635\">Einmalgebrauch reduziert das Risiko von Kreuzkontaminationen<\/p>\n<\/li>\n<\/ul>\n<h4>Herstellung &amp; Zertifizierung<\/h4>\n<p><br data-start=\"669\" data-end=\"672\" \/>Der Herstellungsprozess in <strong data-start=\"699\" data-end=\"748\">Wales (Gro\u00dfbritannien) durch <a href=\"http:\/\/dtrmedical.com\/products\/ear-specula-tumarkin\/\" target=\"_blank\" rel=\"noopener\">DTR medical Ltd.<\/a><\/strong>\u00a0gew\u00e4hrleistet hohe Stabilit\u00e4t, Bruchfestigkeit und eine saubere, anwenderoptimierte L\u00f6sung.<br data-start=\"840\" data-end=\"843\" \/>Das Produkt ist <a href=\"http:\/\/dtrmedical.com\/wp-content\/uploads\/2018\/10\/BSI-Certificate.pdf\" target=\"_blank\" rel=\"noopener\">ISO 13485<\/a><strong data-start=\"859\" data-end=\"885\">-zertifiziert<\/strong> und <a href=\"http:\/\/dtrmedical.com\/wp-content\/uploads\/2017\/11\/Intertek-Annex-V-certificate-601-01-CE.pdf\" target=\"_blank\" rel=\"noopener\">CE<\/a><strong data-start=\"890\" data-end=\"911\">-gekennzeichnet<\/strong>. (Weitere Informationen zur ISO Norm finden Sie <a href=\"https:\/\/www.iso.org\/standard\/59752.html\" target=\"_blank\" rel=\"noopener\">hier<\/a>).<\/p>\n","protected":false},"excerpt":{"rendered":"<p>Ovales Ohrspekulum nach Hartmann. Einweg-Instrument, unsteril, 100 St\u00fcck je Verkaufseinheit. In mehreren Gr\u00f6\u00dfen verf\u00fcgbar.<\/p>\n","protected":false},"featured_media":4509,"comment_status":"open","ping_status":"closed","template":"","meta":[],"product_cat":[17,70],"product_tag":[],"class_list":{"0":"post-547","1":"product","2":"type-product","3":"status-publish","4":"has-post-thumbnail","6":"product_cat-hno","7":"product_cat-spekula","8":"pa_abmessungen-35mm","9":"pa_abmessungen-4mm","10":"pa_abmessungen-6mm","12":"first","13":"instock","14":"shipping-taxable","15":"purchasable","16":"product-type-variable"},"_links":{"self":[{"href":"https:\/\/gvbm.net\/index.php\/wp-json\/wp\/v2\/product\/547","targetHints":{"allow":["GET"]}}],"collection":[{"href":"https:\/\/gvbm.net\/index.php\/wp-json\/wp\/v2\/product"}],"about":[{"href":"https:\/\/gvbm.net\/index.php\/wp-json\/wp\/v2\/types\/product"}],"replies":[{"embeddable":true,"href":"https:\/\/gvbm.net\/index.php\/wp-json\/wp\/v2\/comments?post=547"}],"wp:featuredmedia":[{"embeddable":true,"href":"https:\/\/gvbm.net\/index.php\/wp-json\/wp\/v2\/media\/4509"}],"wp:attachment":[{"href":"https:\/\/gvbm.net\/index.php\/wp-json\/wp\/v2\/media?parent=547"}],"wp:term":[{"taxonomy":"product_cat","embeddable":true,"href":"https:\/\/gvbm.net\/index.php\/wp-json\/wp\/v2\/product_cat?post=547"},{"taxonomy":"product_tag","embeddable":true,"href":"https:\/\/gvbm.net\/index.php\/wp-json\/wp\/v2\/product_tag?post=547"}],"curies":[{"name":"wp","href":"https:\/\/api.w.org\/{rel}","templated":true}]}}