{"id":548,"date":"2019-01-24T10:35:57","date_gmt":"2019-01-24T10:35:57","guid":{"rendered":"https:\/\/gvbm-m1.ycdn.de\/index.php\/produkt\/rosen-rundes-ohrspekulum-gre-1-einfach-steril-verpackt\/"},"modified":"2025-09-22T14:41:56","modified_gmt":"2025-09-22T14:41:56","slug":"rosen-rundes-ohrspekulum","status":"publish","type":"product","link":"https:\/\/gvbm.net\/index.php\/produkt\/rosen-rundes-ohrspekulum\/","title":{"rendered":"Rosen Rundes Ohrspekulum"},"content":{"rendered":"<h4>Anwendungsbereiche<\/h4>\n<p>Das Rosen Runde Ohrspekulum nach Hartmann (Tumarkin, Shea, Rosen, Toynbee, Z\u00f6llner, Farrior) ist ein einmalverwendbares chirurgisches Instrument f\u00fcr die HNO-Heilkunde.<br \/>\nEs wird verwendet zum Spreizen, Offenhalten und Sichern der <a href=\"https:\/\/upload.wikimedia.org\/wikipedia\/commons\/2\/29\/Gray907.png\" target=\"_blank\" rel=\"noopener\">Ohrmuschel und des Geh\u00f6rgangs<\/a> \u2013 insbesondere bei <a href=\"http:\/\/www.gesundheits-lexikon.com\/Medizingeraetediagnostik\/Ohren\/Ohrenspiegelung-Otoskopie-.html\" target=\"_blank\" rel=\"noopener\">Otoskopie<\/a>, <a href=\"http:\/\/www.gesundheits-lexikon.com\/Operationen\/Hals-Nasen-Ohren-Chirurgie\/Trommelfellschnitt-Parazentese-.html\" target=\"_blank\" rel=\"noopener\">Parazentese<\/a> und weiteren <a href=\"https:\/\/www.apotheken.de\/krankheiten\/hintergrundwissen\/4212-das-medizinische-fachgebiet-hals-nasen-ohren-heilkunde\" target=\"_blank\" rel=\"noopener\">HNO<\/a>-Eingriffen.<br \/>\nDas Ohrspekulum ist in verschiedenen Gr\u00f6\u00dfen erh\u00e4ltlich, sodass eine patienten- und anwendungsgerechte Auswahl m\u00f6glich ist.<\/p>\n<h4>Herstellung &amp; Zertifizierung<\/h4>\n<p>Der Herstellungs- und Sterilisationsprozess erfolgt in Wales (Gro\u00dfbritannien) durch <a href=\"http:\/\/dtrmedical.com\/products\/ear-specula-tumarkin\/\" target=\"_blank\" rel=\"noopener\">DTR medical Ltd.<\/a> und gew\u00e4hrleistet eine hohe Stabilit\u00e4t, Bruchfestigkeit und Anwenderfreundlichkeit.<br \/>\nBesonders hervorzuheben ist die <a href=\"http:\/\/dtrmedical.com\/wp-content\/uploads\/2014\/11\/Environmental-Resources-2014.pdf\" target=\"_blank\" rel=\"noopener\">50%ige Stahlwiederverwendung<\/a>, (<a href=\"https:\/\/www.bdsv.org\/fileadmin\/service\/publikationen\/Studie_Fraunhofer_Umsicht.pdf&amp;ved=2ahUKEwibzZOJubjeAhXJB8AKHWwvDz0QFjAIegQIBBAB&amp;usg=AOvVaw1eNa71eqaRDAcVgJE1OPLC\" target=\"_blank\" rel=\"noopener\">Recycleter Rohstoff<\/a>) wodurch die Umweltbelastung deutlich reduziert wird.<\/p>\n<p>Das Ohrspekulum ist nach <a href=\"http:\/\/dtrmedical.com\/wp-content\/uploads\/2018\/10\/BSI-Certificate.pdf\" target=\"_blank\" rel=\"noopener\">ISO 13485<\/a> zertifiziert und tr\u00e4gt die <a href=\"http:\/\/dtrmedical.com\/wp-content\/uploads\/2017\/11\/Intertek-Annex-V-certificate-601-01-CE.pdf\" target=\"_blank\" rel=\"noopener\">CE<\/a>-Kennzeichnung.<br \/>\n(Detaillierte Informationen zur ISO Norm finden Sie <a href=\"https:\/\/www.iso.org\/standard\/59752.html\" target=\"_blank\" rel=\"noopener\">hier<\/a>.)<a name=\"_GoBack\"><\/a><\/p>\n","protected":false},"excerpt":{"rendered":"<p>Rosen Rundes Ohrspekulum f\u00fcr Otoskopie &amp; HNO. Stabil, anwenderfreundlich, unsteril, 100 St\u00fcck je Verkaufseinheit.<\/p>\n","protected":false},"featured_media":1457,"comment_status":"open","ping_status":"closed","template":"","meta":[],"product_cat":[17,70],"product_tag":[],"class_list":{"0":"post-548","1":"product","2":"type-product","3":"status-publish","4":"has-post-thumbnail","6":"product_cat-hno","7":"product_cat-spekula","8":"pa_abmessungen-3mm","9":"pa_abmessungen-4mm","10":"pa_abmessungen-5mm","11":"pa_abmessungen-6mm","12":"pa_abmessungen-7mm","14":"first","15":"instock","16":"shipping-taxable","17":"purchasable","18":"product-type-variable"},"_links":{"self":[{"href":"https:\/\/gvbm.net\/index.php\/wp-json\/wp\/v2\/product\/548","targetHints":{"allow":["GET"]}}],"collection":[{"href":"https:\/\/gvbm.net\/index.php\/wp-json\/wp\/v2\/product"}],"about":[{"href":"https:\/\/gvbm.net\/index.php\/wp-json\/wp\/v2\/types\/product"}],"replies":[{"embeddable":true,"href":"https:\/\/gvbm.net\/index.php\/wp-json\/wp\/v2\/comments?post=548"}],"wp:featuredmedia":[{"embeddable":true,"href":"https:\/\/gvbm.net\/index.php\/wp-json\/wp\/v2\/media\/1457"}],"wp:attachment":[{"href":"https:\/\/gvbm.net\/index.php\/wp-json\/wp\/v2\/media?parent=548"}],"wp:term":[{"taxonomy":"product_cat","embeddable":true,"href":"https:\/\/gvbm.net\/index.php\/wp-json\/wp\/v2\/product_cat?post=548"},{"taxonomy":"product_tag","embeddable":true,"href":"https:\/\/gvbm.net\/index.php\/wp-json\/wp\/v2\/product_tag?post=548"}],"curies":[{"name":"wp","href":"https:\/\/api.w.org\/{rel}","templated":true}]}}