{"id":553,"date":"2019-01-24T10:36:28","date_gmt":"2019-01-24T10:36:28","guid":{"rendered":"https:\/\/gvbm-m1.ycdn.de\/index.php\/produkt\/epistaxiskatheter-30-cc-ballon-ch-24-einfach-steril-verpackt\/"},"modified":"2025-09-05T19:52:16","modified_gmt":"2025-09-05T19:52:16","slug":"epistaxis-katheter","status":"publish","type":"product","link":"https:\/\/gvbm.net\/index.php\/produkt\/epistaxis-katheter\/","title":{"rendered":"Epistaxis Katheter"},"content":{"rendered":"<h4>Anwendungsbereiche<\/h4>\n<p>Unser Epistaxis-Katheter ist ein einmalverwendbares chirurgisches Instrument, das bei Nasenbluten (<a href=\"https:\/\/www.amboss.com\/de\/wissen\/Epistaxis\" target=\"_blank\" rel=\"noopener\">Epistaxis<\/a>) sowie f\u00fcr nasale Zug\u00e4nge im <a href=\"https:\/\/www.apotheken.de\/krankheiten\/hintergrundwissen\/4212-das-medizinische-fachgebiet-hals-nasen-ohren-heilkunde\" target=\"_blank\" rel=\"noopener\">HNO<\/a>-Bereich eingesetzt wird. Er wird in Kombination mit einer blutaufsaugenden Faser (Epistaxis-Tamponade) verwendet, um Blutungen zuverl\u00e4ssig zu kontrollieren.<\/p>\n<h4>Material &amp; Form<\/h4>\n<p>Der\u00a0Epistaxis Katheter\u00a0besteht aus medizinischem Silikon\u00a0(<a href=\"http:\/\/knowledge.sourcebookmaterials.com\/usp-class-vi-silicone-is-independently-certified-for-biocompatibility\" target=\"_blank\" rel=\"noopener\">Medical Grade Silicon USP Class VI<\/a>), was umliegendes Gewebe schont und vor Traumatisierung oder L\u00e4sion sch\u00fctzt, als auch hohe Flexibilit\u00e4t und Dehnbarkeit erm\u00f6glicht.<span data-ccp-props=\"{&quot;201341983&quot;:0,&quot;335559739&quot;:160,&quot;335559740&quot;:259}\">\u00a0<\/span><\/p>\n<h4>Herstellung &amp; Zertifizierung<\/h4>\n<p>Der Herstellungs- sowie Sterilisationsprozess in Italien durch <a href=\"http:\/\/www.medeurope.eu\/products\/sterile-disposable-surgical-transducer\" target=\"_blank\" rel=\"noopener\">Med Europe s.r.l.<\/a> gew\u00e4hrleisten eine saubere, anwenderoptimierte L\u00f6sung. Das Produkt ist durch Med Europe s.r.l. ISO 13485 und CE zertifiziert. Weitere Informationen zu der Zertifizierung finden Sie <a href=\"https:\/\/gvbm.net\/index.php\/unternehmen\/qualitaet-zertifikate\/\">hier<\/a>.<\/p>\n","protected":false},"excerpt":{"rendered":"<p>Epistaxis Katheter \u2013 Flexibles Einmal-Produkt aus Medical-Grade-Silicone, mit 30 cc und 10 cc Ballon, steril verpackt, 10 Stk je Verkaufseinheit<\/p>\n","protected":false},"featured_media":3418,"comment_status":"open","ping_status":"closed","template":"","meta":[],"product_cat":[84,17],"product_tag":[],"class_list":{"0":"post-553","1":"product","2":"type-product","3":"status-publish","4":"has-post-thumbnail","6":"product_cat-epistaxis-katheter","7":"product_cat-hno","8":"pa_abmessungen-10-cc-ballon-ch-15-laenge-190mm","9":"pa_abmessungen-30-10-cc-ballon-ch-24-laenge-110mm","10":"pa_abmessungen-30-cc-ballon-ch-15-laenge-190mm","11":"pa_abmessungen-30-cc-ballon-ch-24-laenge-100mm","13":"first","14":"instock","15":"shipping-taxable","16":"purchasable","17":"product-type-simple"},"_links":{"self":[{"href":"https:\/\/gvbm.net\/index.php\/wp-json\/wp\/v2\/product\/553","targetHints":{"allow":["GET"]}}],"collection":[{"href":"https:\/\/gvbm.net\/index.php\/wp-json\/wp\/v2\/product"}],"about":[{"href":"https:\/\/gvbm.net\/index.php\/wp-json\/wp\/v2\/types\/product"}],"replies":[{"embeddable":true,"href":"https:\/\/gvbm.net\/index.php\/wp-json\/wp\/v2\/comments?post=553"}],"wp:featuredmedia":[{"embeddable":true,"href":"https:\/\/gvbm.net\/index.php\/wp-json\/wp\/v2\/media\/3418"}],"wp:attachment":[{"href":"https:\/\/gvbm.net\/index.php\/wp-json\/wp\/v2\/media?parent=553"}],"wp:term":[{"taxonomy":"product_cat","embeddable":true,"href":"https:\/\/gvbm.net\/index.php\/wp-json\/wp\/v2\/product_cat?post=553"},{"taxonomy":"product_tag","embeddable":true,"href":"https:\/\/gvbm.net\/index.php\/wp-json\/wp\/v2\/product_tag?post=553"}],"curies":[{"name":"wp","href":"https:\/\/api.w.org\/{rel}","templated":true}]}}