{"id":564,"date":"2019-01-24T10:38:06","date_gmt":"2019-01-24T10:38:06","guid":{"rendered":"https:\/\/gvbm-m1.ycdn.de\/index.php\/produkt\/hadeco-smartdop-45\/"},"modified":"2025-09-12T04:30:48","modified_gmt":"2025-09-12T04:30:48","slug":"hadeco-smartdop-45","status":"publish","type":"product","link":"https:\/\/gvbm.net\/index.php\/produkt\/hadeco-smartdop-45\/","title":{"rendered":"Hadeco Smartdop 45"},"content":{"rendered":"<h4>Anwendungsbereich<\/h4>\n<p>Unsere\u00a0Smartdop\u00a045\u00a0ist ein\u00a0unsteriler\u00a0Messcomputer f\u00fcr den Gebrauch im OP, welcher\u00a0bei\u00a0<a href=\"https:\/\/upload.wikimedia.org\/wikipedia\/commons\/9\/9f\/Cranial_bones_es.svg\" target=\"_blank\" rel=\"noopener\">intrakraniellen<\/a>\u00a0Zug\u00e4ngen f\u00fcr die pr\u00e4-, intra- und postoperative Kontrolle sowie Untersuchung des Gef\u00e4\u00dfdurchflusses (Neurosonographie) vor allem bei Hochrisiko-Operationen (z.B.\u00a0<a href=\"http:\/\/www.medizinfo.de\/schlaganfall\/aneurysma5.htm\" target=\"_blank\" rel=\"noopener\">Aneurysma-Clip<\/a>, neurochirurgische\u00a0<a href=\"https:\/\/neurochirurgie.uk-koeln.de\/erkrankungen-therapien\/hirntumore\/\" target=\"_blank\" rel=\"noopener\">Tumorentfernung<\/a>)\u00a0zusammen mit einer Doppler Sonde\u00a0verwendet wird.<span data-ccp-props=\"{&quot;201341983&quot;:0,&quot;335559739&quot;:160,&quot;335559740&quot;:259}\">\u00a0<\/span><\/p>\n<p>Es stehen verschiedene Frequenzen (10MHz, 20MHz) zur Verf\u00fcgung.<span data-ccp-props=\"{&quot;201341983&quot;:0,&quot;335559739&quot;:160,&quot;335559740&quot;:259}\">\u00a0<\/span><\/p>\n<p>Gemessen werden kann:<span data-ccp-props=\"{&quot;201341983&quot;:0,&quot;335559739&quot;:160,&quot;335559740&quot;:259}\">\u00a0<\/span><\/p>\n<ul>\n<li data-leveltext=\"\uf0b7\" data-font=\"Symbol\" data-listid=\"1\" aria-setsize=\"-1\" data-aria-posinset=\"1\" data-aria-level=\"1\">Blutgeschwindigkeit (Spitzen- und Durchschnittsgeschwindigkeitsmessung, Numerisch)<span data-ccp-props=\"{&quot;134233279&quot;:true,&quot;201341983&quot;:0,&quot;335559739&quot;:160,&quot;335559740&quot;:259}\">\u00a0<\/span><\/li>\n<li data-leveltext=\"\uf0b7\" data-font=\"Symbol\" data-listid=\"1\" aria-setsize=\"-1\" data-aria-posinset=\"2\" data-aria-level=\"1\">Flussmenge (Graphisch und Numerisch)<span data-ccp-props=\"{&quot;134233279&quot;:true,&quot;201341983&quot;:0,&quot;335559739&quot;:160,&quot;335559740&quot;:259}\">\u00a0<\/span><\/li>\n<li data-leveltext=\"\uf0b7\" data-font=\"Symbol\" data-listid=\"1\" aria-setsize=\"-1\" data-aria-posinset=\"3\" data-aria-level=\"1\">Plusfrequenz (Numerisch)<span data-ccp-props=\"{&quot;134233279&quot;:true,&quot;201341983&quot;:0,&quot;335559739&quot;:160,&quot;335559740&quot;:259}\">\u00a0<\/span><\/li>\n<li data-leveltext=\"\uf0b7\" data-font=\"Symbol\" data-listid=\"1\" aria-setsize=\"-1\" data-aria-posinset=\"4\" data-aria-level=\"1\">Flussrichtung (Graphisch)<span data-ccp-props=\"{&quot;134233279&quot;:true,&quot;201341983&quot;:0,&quot;335559739&quot;:160,&quot;335559740&quot;:259}\">\u00a0<\/span><\/li>\n<\/ul>\n<p>Weitere Besonderheiten:<span data-ccp-props=\"{&quot;201341983&quot;:0,&quot;335559739&quot;:160,&quot;335559740&quot;:259}\">\u00a0<\/span><\/p>\n<ul>\n<li data-leveltext=\"\uf0b7\" data-font=\"Symbol\" data-listid=\"2\" aria-setsize=\"-1\" data-aria-posinset=\"1\" data-aria-level=\"1\">Integrierter LCD-Bildschirm<span data-ccp-props=\"{&quot;134233279&quot;:true,&quot;201341983&quot;:0,&quot;335559739&quot;:160,&quot;335559740&quot;:259}\">\u00a0<\/span><\/li>\n<li data-leveltext=\"\uf0b7\" data-font=\"Symbol\" data-listid=\"2\" aria-setsize=\"-1\" data-aria-posinset=\"2\" data-aria-level=\"1\">Integrierte Druckfunktion<span data-ccp-props=\"{&quot;134233279&quot;:true,&quot;201341983&quot;:0,&quot;335559739&quot;:160,&quot;335559740&quot;:259}\">\u00a0<\/span><\/li>\n<li data-leveltext=\"\uf0b7\" data-font=\"Symbol\" data-listid=\"2\" aria-setsize=\"-1\" data-aria-posinset=\"3\" data-aria-level=\"1\">Batterie- oder Netzkabelbetrieb<span data-ccp-props=\"{&quot;134233279&quot;:true,&quot;201341983&quot;:0,&quot;335559739&quot;:160,&quot;335559740&quot;:259}\">\u00a0<\/span><\/li>\n<li data-leveltext=\"\uf0b7\" data-font=\"Symbol\" data-listid=\"2\" aria-setsize=\"-1\" data-aria-posinset=\"4\" data-aria-level=\"1\">Integrierter Lautsprecher<span data-ccp-props=\"{&quot;134233279&quot;:true,&quot;201341983&quot;:0,&quot;335559739&quot;:160,&quot;335559740&quot;:259}\">\u00a0<\/span><\/li>\n<li data-leveltext=\"\uf0b7\" data-font=\"Symbol\" data-listid=\"2\" aria-setsize=\"-1\" data-aria-posinset=\"5\" data-aria-level=\"1\">Speicherfunktion bis zu 30 Wellenformen<span data-ccp-props=\"{&quot;134233279&quot;:true,&quot;201341983&quot;:0,&quot;335559739&quot;:160,&quot;335559740&quot;:259}\">\u00a0<\/span><\/li>\n<\/ul>\n<ul>\n<li data-leveltext=\"\uf0b7\" data-font=\"Symbol\" data-listid=\"2\" aria-setsize=\"-1\" data-aria-posinset=\"1\" data-aria-level=\"1\">USB Interface und PC-Software f\u00fcr Datenaufzeichnung und \u2013sicherung<span data-ccp-props=\"{&quot;134233279&quot;:true,&quot;201341983&quot;:0,&quot;335559739&quot;:160,&quot;335559740&quot;:259}\">\u00a0<\/span><\/li>\n<\/ul>\n<h4>Herstellung<\/h4>\n<p>Der Herstellungsprozess durch\u00a0<a href=\"http:\/\/www.hadeco.co.jp\/en\/\" target=\"_blank\" rel=\"noopener\">Hadeco<\/a>, Inc. gew\u00e4hrleistet Qualit\u00e4t f\u00fcr h\u00f6chste Anspr\u00fcche.<\/p>\n","protected":false},"excerpt":{"rendered":"<p>Hadeco Smartdop 45 \u2013 Doppler-Messcomputer f\u00fcr intrakranielle Gef\u00e4\u00dfdurchflusskontrolle, unsteril<\/p>\n","protected":false},"featured_media":1447,"comment_status":"open","ping_status":"closed","template":"","meta":[],"product_cat":[122,88],"product_tag":[],"class_list":{"0":"post-564","1":"product","2":"type-product","3":"status-publish","4":"has-post-thumbnail","6":"product_cat-neurosonographie","7":"product_cat-wirbelsaeulen-neurochirurgie","9":"first","10":"instock","11":"shipping-taxable","12":"purchasable","13":"product-type-variable"},"_links":{"self":[{"href":"https:\/\/gvbm.net\/index.php\/wp-json\/wp\/v2\/product\/564","targetHints":{"allow":["GET"]}}],"collection":[{"href":"https:\/\/gvbm.net\/index.php\/wp-json\/wp\/v2\/product"}],"about":[{"href":"https:\/\/gvbm.net\/index.php\/wp-json\/wp\/v2\/types\/product"}],"replies":[{"embeddable":true,"href":"https:\/\/gvbm.net\/index.php\/wp-json\/wp\/v2\/comments?post=564"}],"wp:featuredmedia":[{"embeddable":true,"href":"https:\/\/gvbm.net\/index.php\/wp-json\/wp\/v2\/media\/1447"}],"wp:attachment":[{"href":"https:\/\/gvbm.net\/index.php\/wp-json\/wp\/v2\/media?parent=564"}],"wp:term":[{"taxonomy":"product_cat","embeddable":true,"href":"https:\/\/gvbm.net\/index.php\/wp-json\/wp\/v2\/product_cat?post=564"},{"taxonomy":"product_tag","embeddable":true,"href":"https:\/\/gvbm.net\/index.php\/wp-json\/wp\/v2\/product_tag?post=564"}],"curies":[{"name":"wp","href":"https:\/\/api.w.org\/{rel}","templated":true}]}}