{"id":568,"date":"2019-01-24T10:38:38","date_gmt":"2019-01-24T10:38:38","guid":{"rendered":"https:\/\/gvbm-m1.ycdn.de\/index.php\/produkt\/zervikale-biopsiestanze-mit-rotation-doppelt-steril-verpackt\/"},"modified":"2026-04-29T13:05:08","modified_gmt":"2026-04-29T13:05:08","slug":"rotierbare-einwegzange","status":"publish","type":"product","link":"https:\/\/gvbm.net\/index.php\/produkt\/rotierbare-einwegzange\/","title":{"rendered":"Rotierbare Einwegzange f\u00fcr Probeexzision\/ Zervixbiopsie"},"content":{"rendered":"<h4>Anwendungsbereiche<\/h4>\n<p>Unsere rotierbare Probeexzision-Zange ist ein innovatives einmalverwendbares chirurgisches Instrument, welches f\u00fcr das Entnehmen von <a href=\"https:\/\/www.netdoktor.de\/diagnostik\/biopsie\/\" target=\"_blank\" rel=\"noopener\">Gewebeproben<\/a> der <a href=\"https:\/\/upload.wikimedia.org\/wikipedia\/commons\/3\/37\/Gray1167_de.svg\" target=\"_blank\" rel=\"noopener\">Zervix<\/a>\u00a0im Zuge einer HPV-Untersuchung verwendet wird.<\/p>\n<p>Die messerscharfe Schneide am oberen Maulteil ist h\u00e4rter als Titan, ultra-scharf und passt exakt in den unteren Maulkorb, wodurch ein einfacher, sauberer Schnitt durch das m\u00f6glicherweise verh\u00e4rtete Zervixgewebe ohne Schwierigkeiten durchgef\u00fchrt werden kann. Das flache Mauldesign erm\u00f6glicht das Entnehmen von Gewebe aus der Transformationszone zwischen Canalis Cervicis und Ostium Uteri Externum.<\/p>\n<p><a name=\"_GoBack\"><\/a>Der Einmalgebrauch des Instruments garantiert eine 100%-eindeutige <a href=\"https:\/\/www.eurocytology.eu\/de\/course\/929\" target=\"_blank\" rel=\"noopener\">Histologie<\/a> und damit Vermeidung wiederholter Probeentnahmen &#8211; eine wichtige Eigenschaft bei der steigenden Anzahl an HPV-Untersuchungen.<\/p>\n<p><a href=\"https:\/\/gvbm.net\/wp-content\/uploads\/2019\/11\/Flyer_CBR_PE_zange_hpv.pdf\">Hier<\/a> k\u00f6nnen Sie \u00fcber das Produkt mehr erfahren.<\/p>\n<div class=\"BorlabsCookie _brlbs-cb-youtube\">\n<div class=\"_brlbs-content-blocker\">\n<div class=\"_brlbs-embed _brlbs-video-youtube\"> <img decoding=\"async\" class=\"_brlbs-thumbnail\" src=\"https:\/\/gvbm.net\/wp-content\/plugins\/borlabs-cookie\/assets\/images\/cb-no-thumbnail.png\" alt=\"YouTube\"> <\/p>\n<div class=\"_brlbs-caption\">\n<p>Mit dem Laden des Videos akzeptieren Sie die Datenschutzerkl\u00e4rung von YouTube.<br \/><a href=\"https:\/\/policies.google.com\/privacy\" target=\"_blank\" rel=\"nofollow noopener noreferrer\">Mehr erfahren<\/a><\/p>\n<p><a class=\"_brlbs-btn _brlbs-icon-play-white\" href=\"#\" data-borlabs-cookie-unblock role=\"button\">Video laden<\/a><\/p>\n<p><label><input type=\"checkbox\" name=\"unblockAll\" value=\"1\" checked> <small>YouTube immer entsperren<\/small><\/label><\/p>\n<\/p><\/div>\n<\/p><\/div>\n<\/p><\/div>\n<div class=\"borlabs-hide\" data-borlabs-cookie-type=\"content-blocker\" data-borlabs-cookie-id=\"youtube\"><script type=\"text\/template\">PGlmcmFtZSB0aXRsZT0iS29scG9za29waWUtUm91dGluZSBlbnR3aWNrZWxuIG1pdCBMTEVUWmxlYXJuwq4gVHJhaW5pbmciIHdpZHRoPSIxMjIwIiBoZWlnaHQ9IjY4NiIgc3JjPSJodHRwczovL3d3dy55b3V0dWJlLW5vY29va2llLmNvbS9lbWJlZC9BS2wzeUh5a1BXWT9mZWF0dXJlPW9lbWJlZCIgZnJhbWVib3JkZXI9IjAiIGFsbG93PSJhY2NlbGVyb21ldGVyOyBhdXRvcGxheTsgY2xpcGJvYXJkLXdyaXRlOyBlbmNyeXB0ZWQtbWVkaWE7IGd5cm9zY29wZTsgcGljdHVyZS1pbi1waWN0dXJlOyB3ZWItc2hhcmUiIHJlZmVycmVycG9saWN5PSJzdHJpY3Qtb3JpZ2luLXdoZW4tY3Jvc3Mtb3JpZ2luIiBhbGxvd2Z1bGxzY3JlZW4+PC9pZnJhbWU+<\/script><\/div>\n<\/div>\n<h4>Herstellung &amp; Zertifizierung<\/h4>\n<p>Der Herstellungs- sowie Sterilisationsprozess in Gro\u00dfbritannien durch <a href=\"http:\/\/dtrmedical.com\/products\/needle-holders\/\" target=\"_blank\" rel=\"noopener\">DTR medical Ltd.<\/a> gew\u00e4hrleisten hohe Stabilit\u00e4t, Bruchfestigkeit und eine saubere, anwenderoptimierte L\u00f6sung.\u00a0Das Produkt ist durch DTR medical Ltd. ISO 13485 und CE zertifiziert. Weitere Informationen zu der Zertifizierung finden Sie <a href=\"https:\/\/gvbm.net\/index.php\/unternehmen\/qualitaet-zertifikate\/\">hier<\/a>.<\/p>\n","protected":false},"excerpt":{"rendered":"<p>Rotierbare Einwegzange f\u00fcr Probeexzision\/ Zervixbiopsie-Einmal-Produkt, 365\u202fmm Arbeitsl\u00e4nge, Biospiemaul 3,6\u202fmm \u00d7 5,2\u202fmm, steril verpackt, 10 St\u00fcck je Verkaufseinheit.<\/p>\n","protected":false},"featured_media":3958,"comment_status":"open","ping_status":"closed","template":"","meta":[],"product_cat":[139,498],"product_tag":[],"class_list":{"0":"post-568","1":"product","2":"type-product","3":"status-publish","4":"has-post-thumbnail","6":"product_cat-gynaekologie","7":"product_cat-pe-zange-gynaekologie-hpv","9":"first","10":"instock","11":"shipping-taxable","12":"purchasable","13":"product-type-simple"},"_links":{"self":[{"href":"https:\/\/gvbm.net\/index.php\/wp-json\/wp\/v2\/product\/568","targetHints":{"allow":["GET"]}}],"collection":[{"href":"https:\/\/gvbm.net\/index.php\/wp-json\/wp\/v2\/product"}],"about":[{"href":"https:\/\/gvbm.net\/index.php\/wp-json\/wp\/v2\/types\/product"}],"replies":[{"embeddable":true,"href":"https:\/\/gvbm.net\/index.php\/wp-json\/wp\/v2\/comments?post=568"}],"wp:featuredmedia":[{"embeddable":true,"href":"https:\/\/gvbm.net\/index.php\/wp-json\/wp\/v2\/media\/3958"}],"wp:attachment":[{"href":"https:\/\/gvbm.net\/index.php\/wp-json\/wp\/v2\/media?parent=568"}],"wp:term":[{"taxonomy":"product_cat","embeddable":true,"href":"https:\/\/gvbm.net\/index.php\/wp-json\/wp\/v2\/product_cat?post=568"},{"taxonomy":"product_tag","embeddable":true,"href":"https:\/\/gvbm.net\/index.php\/wp-json\/wp\/v2\/product_tag?post=568"}],"curies":[{"name":"wp","href":"https:\/\/api.w.org\/{rel}","templated":true}]}}