{"id":569,"date":"2019-01-24T10:38:45","date_gmt":"2019-01-24T10:38:45","guid":{"rendered":"https:\/\/gvbm-m1.ycdn.de\/index.php\/produkt\/tischler-wittner-zervikale-biopsiezange-doppelt-steril-verpackt\/"},"modified":"2026-01-09T09:13:07","modified_gmt":"2026-01-09T09:13:07","slug":"tischler-wittner-zervikale-biopsiezange","status":"publish","type":"product","link":"https:\/\/gvbm.net\/index.php\/produkt\/tischler-wittner-zervikale-biopsiezange\/","title":{"rendered":"Tischler Wittner Zervikale Einweg-Biopsiezange"},"content":{"rendered":"<h4>Anwendungsbereiche<\/h4>\n<p>Unsere traditionelle Tischler Wittner Zervikale Biopsiezange ist ein einmalverwendbares chirurgisches Instrument, welches f\u00fcr das Entnehmen von <a href=\"https:\/\/www.netdoktor.de\/diagnostik\/biopsie\/\" target=\"_blank\" rel=\"noopener\">Gewebeproben<\/a> der <a href=\"https:\/\/upload.wikimedia.org\/wikipedia\/commons\/3\/37\/Gray1167_de.svg\" target=\"_blank\" rel=\"noopener\">Zervix<\/a> verwendet wird. Es stehen mehrere Maulformen zur Auswahl.<\/p>\n<p><a name=\"_GoBack\"><\/a>Der Einmalgebrauch des Instruments garantiert eine 100%-eindeutige <a href=\"https:\/\/www.eurocytology.eu\/de\/course\/929\" target=\"_blank\" rel=\"noopener\">Histologie<\/a> und damit Vermeidung wiederholter Probeentnahmen.<\/p>\n<h4>Herstellung &amp; Zertifizierung<\/h4>\n<p>Der Herstellungs- sowie Sterilisationsprozess in Gro\u00dfbritannien durch <a href=\"http:\/\/dtrmedical.com\/products\/needle-holders\/\" target=\"_blank\" rel=\"noopener\">DTR medical Ltd.<\/a> gew\u00e4hrleisten hohe Stabilit\u00e4t, Bruchfestigkeit und eine saubere, anwenderoptimierte L\u00f6sung. Zus\u00e4tzlich wirkt sich die <a href=\"http:\/\/dtrmedical.com\/wp-content\/uploads\/2014\/11\/Environmental-Resources-2014.pdf\" target=\"_blank\" rel=\"noopener\">50%ige Stahlwiederverwendung<\/a>\u00a0positiv auf Umwelteinfl\u00fcsse aus. Das Produkt ist durch DTR medical Ltd. ISO 13485 und CE zertifiziert. Weitere Informationen zu der Zertifizierung finden Sie <a href=\"https:\/\/gvbm.net\/index.php\/unternehmen\/qualitaet-zertifikate\/\">hier<\/a>.<\/p>\n","protected":false},"excerpt":{"rendered":"<p>Tischler Wittner Zervikale Biopsiezange-Einmal-Produkt, 230mm, doppelt steril verpackt<\/p>\n","protected":false},"featured_media":3959,"comment_status":"open","ping_status":"closed","template":"","meta":[],"product_cat":[139,498],"product_tag":[],"class_list":{"0":"post-569","1":"product","2":"type-product","3":"status-publish","4":"has-post-thumbnail","6":"product_cat-gynaekologie","7":"product_cat-pe-zange-gynaekologie-hpv","9":"first","10":"instock","11":"shipping-taxable","12":"purchasable","13":"product-type-simple"},"_links":{"self":[{"href":"https:\/\/gvbm.net\/index.php\/wp-json\/wp\/v2\/product\/569","targetHints":{"allow":["GET"]}}],"collection":[{"href":"https:\/\/gvbm.net\/index.php\/wp-json\/wp\/v2\/product"}],"about":[{"href":"https:\/\/gvbm.net\/index.php\/wp-json\/wp\/v2\/types\/product"}],"replies":[{"embeddable":true,"href":"https:\/\/gvbm.net\/index.php\/wp-json\/wp\/v2\/comments?post=569"}],"wp:featuredmedia":[{"embeddable":true,"href":"https:\/\/gvbm.net\/index.php\/wp-json\/wp\/v2\/media\/3959"}],"wp:attachment":[{"href":"https:\/\/gvbm.net\/index.php\/wp-json\/wp\/v2\/media?parent=569"}],"wp:term":[{"taxonomy":"product_cat","embeddable":true,"href":"https:\/\/gvbm.net\/index.php\/wp-json\/wp\/v2\/product_cat?post=569"},{"taxonomy":"product_tag","embeddable":true,"href":"https:\/\/gvbm.net\/index.php\/wp-json\/wp\/v2\/product_tag?post=569"}],"curies":[{"name":"wp","href":"https:\/\/api.w.org\/{rel}","templated":true}]}}