{"id":570,"date":"2019-01-24T10:38:51","date_gmt":"2019-01-24T10:38:51","guid":{"rendered":"https:\/\/gvbm-m1.ycdn.de\/index.php\/produkt\/spackman-insufflationskanle-mit-unbeweglichen-haken-doppelt-steril-verpackt\/"},"modified":"2025-09-23T00:06:14","modified_gmt":"2025-09-23T00:06:14","slug":"spackman-insufflationskanuele","status":"publish","type":"product","link":"https:\/\/gvbm.net\/index.php\/produkt\/spackman-insufflationskanuele\/","title":{"rendered":"Spackman Insufflationskan\u00fcle"},"content":{"rendered":"<h4>Anwendungsbereiche<\/h4>\n<p>Unsere Spackman Insufflationskan\u00fcle nach Spackman (Veress) ist ein einmalverwendbares chirurgisches Instrument, mit welchem der Anwender Gase, D\u00e4mpfe oder Pulver in das Hohlorgan <a href=\"https:\/\/upload.wikimedia.org\/wikipedia\/commons\/8\/8e\/Scheme_female_reproductive_system-de.svg\" target=\"_blank\" rel=\"noopener\">Uterus<\/a> einblasen kann.<\/p>\n<h4>Herstellung &amp; Zertifizierung<\/h4>\n<p>Der Herstellungs- sowie Sterilisationsprozess in Gro\u00dfbritannien durch <a href=\"http:\/\/dtrmedical.com\/products\/needle-holders\/\" target=\"_blank\" rel=\"noopener\">DTR medical Ltd.<\/a> gew\u00e4hrleisten hohe Stabilit\u00e4t, Bruchfestigkeit und eine saubere, anwenderoptimierte L\u00f6sung. Zus\u00e4tzlich wirkt sich die <a href=\"http:\/\/dtrmedical.com\/wp-content\/uploads\/2014\/11\/Environmental-Resources-2014.pdf\" target=\"_blank\" rel=\"noopener\">50%ige Stahlwiederverwendung<\/a>\u00a0positiv auf Umwelteinfl\u00fcsse aus. Das Produkt ist durch DTR medical Ltd. ISO 13485 und CE zertifiziert. Weitere Informationen zu der Zertifizierung finden Sie <a href=\"https:\/\/gvbm.net\/index.php\/unternehmen\/qualitaet-zertifikate\/\">hier<\/a>.<\/p>\n","protected":false},"excerpt":{"rendered":"<p><span style=\"font-size: medium;\">Spackman Insufflationskan\u00fcle-Bewegliche Haken, Einmalprodukt, steril verpackt, 10 St\u00fcck je Verkaufseinheit<\/span><\/p>\n","protected":false},"featured_media":1422,"comment_status":"open","ping_status":"closed","template":"","meta":[],"product_cat":[139,150],"product_tag":[],"class_list":{"0":"post-570","1":"product","2":"type-product","3":"status-publish","4":"has-post-thumbnail","6":"product_cat-gynaekologie","7":"product_cat-spackman-insufflationskanuele","9":"first","10":"instock","11":"shipping-taxable","12":"purchasable","13":"product-type-simple"},"_links":{"self":[{"href":"https:\/\/gvbm.net\/index.php\/wp-json\/wp\/v2\/product\/570","targetHints":{"allow":["GET"]}}],"collection":[{"href":"https:\/\/gvbm.net\/index.php\/wp-json\/wp\/v2\/product"}],"about":[{"href":"https:\/\/gvbm.net\/index.php\/wp-json\/wp\/v2\/types\/product"}],"replies":[{"embeddable":true,"href":"https:\/\/gvbm.net\/index.php\/wp-json\/wp\/v2\/comments?post=570"}],"wp:featuredmedia":[{"embeddable":true,"href":"https:\/\/gvbm.net\/index.php\/wp-json\/wp\/v2\/media\/1422"}],"wp:attachment":[{"href":"https:\/\/gvbm.net\/index.php\/wp-json\/wp\/v2\/media?parent=570"}],"wp:term":[{"taxonomy":"product_cat","embeddable":true,"href":"https:\/\/gvbm.net\/index.php\/wp-json\/wp\/v2\/product_cat?post=570"},{"taxonomy":"product_tag","embeddable":true,"href":"https:\/\/gvbm.net\/index.php\/wp-json\/wp\/v2\/product_tag?post=570"}],"curies":[{"name":"wp","href":"https:\/\/api.w.org\/{rel}","templated":true}]}}