{"id":575,"date":"2019-01-24T10:39:23","date_gmt":"2019-01-24T10:39:23","guid":{"rendered":"https:\/\/gvbm-m1.ycdn.de\/index.php\/produkt\/cusco-spekulum-metall-mit-plastik-isoliert-klein-doppelt-steril-verpackt\/"},"modified":"2026-03-21T17:42:27","modified_gmt":"2026-03-21T17:42:27","slug":"cusco-spekulum-metall-mit-plastik-isoliert","status":"publish","type":"product","link":"https:\/\/gvbm.net\/index.php\/produkt\/cusco-spekulum-metall-mit-plastik-isoliert\/","title":{"rendered":"Cusco Einweg-Vaginalspekulum aus Metall (opt. Plastik isoliert &#038; Rauchrohr)"},"content":{"rendered":"<h4>Anwendungsbereiche<\/h4>\n<p>Unser Vaginalspekulum nach Cusco ist ein einmalverwendbares Instrument, welches f\u00fcr das Spreizen, Offenhalten und Sichern der Vagina w\u00e4hrend z.B. der\u00a0<a href=\"https:\/\/www.netdoktor.de\/diagnostik\/kolposkopie\/\" target=\"_blank\" rel=\"noopener\">Kolposkopie<\/a>,\u00a0<a href=\"https:\/\/www.operieren.de\/e3224\/e10\/e886\/e898\/e3115\/\" target=\"_blank\" rel=\"noopener\">Hysteroskopie<\/a>,<a href=\"https:\/\/www.operieren.de\/e3224\/e10\/e886\/e898\/e967\/\" target=\"_blank\" rel=\"noopener\">\u00a0Abrasio<\/a>, o.\u00e4.\u00a0verwendet wird. Es stehen mehrere Formen und Gr\u00f6\u00dfen zur Auswahl.<span data-ccp-props=\"{&quot;201341983&quot;:0,&quot;335559739&quot;:160,&quot;335559740&quot;:259}\">\u00a0<\/span><\/p>\n<h4>Material &amp; Form<\/h4>\n<p>Das st\u00e4hlerne Instrument tr\u00e4gt abgerundete Kanten und eine justierbare Arretierung des pr\u00e4zisen Gewindemechanismus. Die Produktvariante mit Rauchrohr erm\u00f6glicht\u00a0das Einblasen von Gas oder Rauch in das Hohlorgan. Die isolierte Produktvariante stellt die schonende Anwendung in Kombination mit Elektroden und Bipo-Pinzetten sicher.<span data-ccp-props=\"{&quot;201341983&quot;:0,&quot;335559739&quot;:160,&quot;335559740&quot;:259}\">\u00a0<\/span><\/p>\n<p>Die gr\u00f6\u00dferen Varianten eignen sich bestens f\u00fcr die Anwendung bei post-menopausalen Patienten.<span data-ccp-props=\"{&quot;201341983&quot;:0,&quot;335559739&quot;:160,&quot;335559740&quot;:259}\">\u00a0<\/span><\/p>\n<div class=\"BorlabsCookie _brlbs-cb-youtube\">\n<div class=\"_brlbs-content-blocker\">\n<div class=\"_brlbs-embed _brlbs-video-youtube\"> <img decoding=\"async\" class=\"_brlbs-thumbnail\" src=\"https:\/\/gvbm.net\/wp-content\/plugins\/borlabs-cookie\/assets\/images\/cb-no-thumbnail.png\" alt=\"YouTube\"> <\/p>\n<div class=\"_brlbs-caption\">\n<p>Mit dem Laden des Videos akzeptieren Sie die Datenschutzerkl\u00e4rung von YouTube.<br \/><a href=\"https:\/\/policies.google.com\/privacy\" target=\"_blank\" rel=\"nofollow noopener noreferrer\">Mehr erfahren<\/a><\/p>\n<p><a class=\"_brlbs-btn _brlbs-icon-play-white\" href=\"#\" data-borlabs-cookie-unblock role=\"button\">Video laden<\/a><\/p>\n<p><label><input type=\"checkbox\" name=\"unblockAll\" value=\"1\" checked> <small>YouTube immer entsperren<\/small><\/label><\/p>\n<\/p><\/div>\n<\/p><\/div>\n<\/p><\/div>\n<div class=\"borlabs-hide\" data-borlabs-cookie-type=\"content-blocker\" data-borlabs-cookie-id=\"youtube\"><script type=\"text\/template\">PGlmcmFtZSB0aXRsZT0iS29scG9za29waWUtUm91dGluZSBlbnR3aWNrZWxuIG1pdCBMTEVUWmxlYXJuwq4gVHJhaW5pbmciIHdpZHRoPSIxMjIwIiBoZWlnaHQ9IjY4NiIgc3JjPSJodHRwczovL3d3dy55b3V0dWJlLW5vY29va2llLmNvbS9lbWJlZC9BS2wzeUh5a1BXWT9mZWF0dXJlPW9lbWJlZCIgZnJhbWVib3JkZXI9IjAiIGFsbG93PSJhY2NlbGVyb21ldGVyOyBhdXRvcGxheTsgY2xpcGJvYXJkLXdyaXRlOyBlbmNyeXB0ZWQtbWVkaWE7IGd5cm9zY29wZTsgcGljdHVyZS1pbi1waWN0dXJlOyB3ZWItc2hhcmUiIHJlZmVycmVycG9saWN5PSJzdHJpY3Qtb3JpZ2luLXdoZW4tY3Jvc3Mtb3JpZ2luIiBhbGxvd2Z1bGxzY3JlZW4+PC9pZnJhbWU+<\/script><\/div>\n<\/div>\n<h4>Herstellung &amp; Zertifizierung<\/h4>\n<p>Der Herstellungs- sowie Sterilisationsprozess in Gro\u00dfbritannien durch <a href=\"http:\/\/dtrmedical.com\/products\/needle-holders\/\" target=\"_blank\" rel=\"noopener\">DTR medical Ltd.<\/a> gew\u00e4hrleisten hohe Stabilit\u00e4t, Bruchfestigkeit und eine saubere, anwenderoptimierte L\u00f6sung. Zus\u00e4tzlich wirkt sich die <a href=\"http:\/\/dtrmedical.com\/wp-content\/uploads\/2014\/11\/Environmental-Resources-2014.pdf\" target=\"_blank\" rel=\"noopener\">50%ige Stahlwiederverwendung<\/a>\u00a0positiv auf Umwelteinfl\u00fcsse aus. Das Produkt ist durch DTR medical Ltd. ISO 13485 und CE zertifiziert. Weitere Informationen zu der Zertifizierung finden Sie <a href=\"https:\/\/gvbm.net\/index.php\/unternehmen\/qualitaet-zertifikate\/\">hier<\/a>.<\/p>\n","protected":false},"excerpt":{"rendered":"<p><span style=\"font-size: medium;\">Vaginalspekula aus Metall, mit oder ohne Isolationsschicht f\u00fcr HF-Chirurgie, Einwegprodukt, steril verpackt, 20 Stk je Verkaufseinheit<\/span><\/p>\n","protected":false},"featured_media":3022,"comment_status":"open","ping_status":"closed","template":"","meta":[],"product_cat":[151,139],"product_tag":[],"class_list":{"0":"post-575","1":"product","2":"type-product","3":"status-publish","4":"has-post-thumbnail","6":"product_cat-spekula-gynaekologie","7":"product_cat-gynaekologie","9":"first","10":"instock","11":"shipping-taxable","12":"purchasable","13":"product-type-variable"},"_links":{"self":[{"href":"https:\/\/gvbm.net\/index.php\/wp-json\/wp\/v2\/product\/575","targetHints":{"allow":["GET"]}}],"collection":[{"href":"https:\/\/gvbm.net\/index.php\/wp-json\/wp\/v2\/product"}],"about":[{"href":"https:\/\/gvbm.net\/index.php\/wp-json\/wp\/v2\/types\/product"}],"replies":[{"embeddable":true,"href":"https:\/\/gvbm.net\/index.php\/wp-json\/wp\/v2\/comments?post=575"}],"wp:featuredmedia":[{"embeddable":true,"href":"https:\/\/gvbm.net\/index.php\/wp-json\/wp\/v2\/media\/3022"}],"wp:attachment":[{"href":"https:\/\/gvbm.net\/index.php\/wp-json\/wp\/v2\/media?parent=575"}],"wp:term":[{"taxonomy":"product_cat","embeddable":true,"href":"https:\/\/gvbm.net\/index.php\/wp-json\/wp\/v2\/product_cat?post=575"},{"taxonomy":"product_tag","embeddable":true,"href":"https:\/\/gvbm.net\/index.php\/wp-json\/wp\/v2\/product_tag?post=575"}],"curies":[{"name":"wp","href":"https:\/\/api.w.org\/{rel}","templated":true}]}}